{"id":2782,"date":"2015-12-29T14:32:36","date_gmt":"2015-12-29T13:32:36","guid":{"rendered":"http:\/\/www.paracelsus-magazin.ch\/es\/zitate-paracelsus\/"},"modified":"2016-03-16T15:39:13","modified_gmt":"2016-03-16T14:39:13","slug":"citas-paracelsus","status":"publish","type":"page","link":"https:\/\/www.paracelsus-magazin.ch\/es\/citas-paracelsus\/","title":{"rendered":"Citas"},"content":{"rendered":"<h1>Citas de Paracelsus<\/h1>\n<blockquote><p>Debemos volvernos \u00e1ngeles y no demonios, es por eso que fuimos creados y nacimos en el mundo. Por lo tanto s\u00e9 y\u00a0 permanece como Dios ha querido que seas.<\/p><\/blockquote>\n<blockquote><p>\u00bfQu\u00e9 sostiene el matrimonio y qu\u00e9 es el matrimonio? Esto es solo el conocimiento del coraz\u00f3n: esto es su principio y su final. <\/p><\/blockquote>\n<blockquote><p>\u00c9l que quiere reinar debe llegar a comprender bien los corazones de hombres y debe actuar en consecuencia.<\/p><\/blockquote>\n<blockquote><p> Si le han dado a un regalo, act\u00fae libremente con \u00e9l y con mucho gusto, como el sol: \u00a1Comparta su resplandor con todo el mundo! <\/p><\/blockquote>\n<blockquote><p> Llevamos la sabidur\u00eda divina en un cuerpo mortal. Lo que da\u00f1a el cuerpo, destruye la casa del Uno Eterno.<\/p><\/blockquote>\n<blockquote><p> Consideremos que no debemos llamar a nuestro hermano como un idiota porque, tampoco sabemos qu\u00e9 somos nosotros mismo.<\/p><\/blockquote>\n<blockquote><p> La gloria ser\u00e1 para aquel que venza a su enemigo con delicadeza.<\/p><\/blockquote>\n<blockquote><p> La forma en que hablas, es como tu coraz\u00f3n es.<\/p><\/blockquote>\n<blockquote><p> Dios ha dejado que todas las cosas sigan su curso y determina qu\u00e9 tan alto y qu\u00e9 tan lejos pueden ir, no m\u00e1s, no menos<\/p><\/blockquote>\n<blockquote><p>Nada est\u00e1 tan profundamente oculto que no se manifieste por su fruto.<\/p><\/blockquote>\n<blockquote><p>\u00bfQui\u00e9n m\u00e1s es enemigo de la naturaleza que el que se considera m\u00e1s sabio que la naturaleza aunque sea la m\u00e1s alta de todas nuestras escuelas?<\/p><\/blockquote>\n<blockquote><p>En nosotros est\u00e1 la luz de la naturaleza, y la luz es Dios.<\/p><\/blockquote>\n<blockquote><p>Dios, nuestro padre, nos ha dado nuestra vida y el arte de la curaci\u00f3n para protegerla y conservarla.<\/p><\/blockquote>\n<blockquote><p>\u00bfCu\u00e1l es la ayuda de la medicina que no sea amor?<\/p><\/blockquote>\n<blockquote><p>El arte de la medicina tiene sus ra\u00edces en el coraz\u00f3n. Si tu coraz\u00f3n es falso, entonces el m\u00e9dico en tu interior es tambi\u00e9n falso. Si es justo, entonces el m\u00e9dico tambi\u00e9n es justo.<\/p><\/blockquote>\n<blockquote><p>Primero ejerce humildad con personas, y s\u00f3lo despu\u00e9s antes de Dios. El que desprecia al hombre no tiene ning\u00fan respeto a Dios.<\/p><\/blockquote>\n<blockquote><p>Lo que vamos a ser despu\u00e9s de la muerte es lo que tenemos para obtener en nuestra vida, que es la santidad y bienaventuranza. El reino de Dios comienza aqu\u00ed en la tierra.<\/p><\/blockquote>\n<blockquote><p>La fe y la actuaci\u00f3n, el conocimiento y el hacer son uno y lo mismo.<\/p><\/blockquote>\n<blockquote><p>Por lo tanto, todo est\u00e1 relacionado entre s\u00ed. El cielo y la tierra, el aire y el agua. Todo es una sola cosa; no cuatro, no dos, y no tres, sino uno solo. Y donde no est\u00e1n todos juntos, s\u00f3lo hay una cosa incompleta.<\/p><\/blockquote>\n<p>&nbsp;<\/p>\n<p>Las citas son de la selecci\u00f3n de las obras de Robert Blaser del libro \u00abParacelsus \u2013 El m\u00e9dico de nuestro tiempo\u00bb de Frank Geerk (Benziger-Verlag, Zurich, 1992), la \u00faltima cita de \u00abParacelso: Obras completas\u00bb (Aschner), vol.I ., p\u00e1gina 110)<\/p>\n<p>&nbsp;<\/p>\n","protected":false},"excerpt":{"rendered":"<p>Citas de Paracelsus &nbsp; Las citas son de la selecci\u00f3n de las obras de Robert Blaser del libro \u00abParacelsus \u2013 El m\u00e9dico de nuestro tiempo\u00bb de Frank Geerk (Benziger-Verlag, Zurich, 1992), la \u00faltima cita de \u00abParacelso: Obras completas\u00bb (Aschner), vol.I ., p\u00e1gina 110) &nbsp;<\/p>\n","protected":false},"author":1,"featured_media":0,"parent":0,"menu_order":0,"comment_status":"closed","ping_status":"closed","template":"","meta":{"footnotes":""},"class_list":["post-2782","page","type-page","status-publish","hentry"],"yoast_head":"<!-- This site is optimized with the Yoast SEO plugin v27.4 - https:\/\/yoast.com\/product\/yoast-seo-wordpress\/ -->\n<title>Citas - Paracelsus Magazin<\/title>\n<meta name=\"robots\" content=\"index, follow, max-snippet:-1, max-image-preview:large, max-video-preview:-1\" \/>\n<link rel=\"canonical\" href=\"https:\/\/www.paracelsus-magazin.ch\/es\/citas-paracelsus\/\" \/>\n<meta property=\"og:locale\" content=\"es_ES\" \/>\n<meta property=\"og:type\" content=\"article\" \/>\n<meta property=\"og:title\" content=\"Citas - Paracelsus Magazin\" \/>\n<meta property=\"og:description\" content=\"Citas de Paracelsus &nbsp; Las citas son de la selecci\u00f3n de las obras de Robert Blaser del libro \u00abParacelsus \u2013 El m\u00e9dico de nuestro tiempo\u00bb de Frank Geerk (Benziger-Verlag, Zurich, 1992), la \u00faltima cita de \u00abParacelso: Obras completas\u00bb (Aschner), vol.I ., p\u00e1gina 110) &nbsp;\" \/>\n<meta property=\"og:url\" content=\"https:\/\/www.paracelsus-magazin.ch\/es\/citas-paracelsus\/\" \/>\n<meta property=\"og:site_name\" content=\"Paracelsus Magazin\" \/>\n<meta property=\"article:publisher\" content=\"https:\/\/www.facebook.com\/Paracelsus-Magazin-436487499874780\/\" \/>\n<meta property=\"article:modified_time\" content=\"2016-03-16T14:39:13+00:00\" \/>\n<meta property=\"og:image\" content=\"https:\/\/www.paracelsus-magazin.ch\/wp-content\/uploads\/2023\/08\/hauptbild-paracelsus-magazin.jpg\" \/>\n\t<meta property=\"og:image:width\" content=\"1200\" \/>\n\t<meta property=\"og:image:height\" content=\"696\" \/>\n\t<meta property=\"og:image:type\" content=\"image\/jpeg\" \/>\n<meta name=\"twitter:card\" content=\"summary_large_image\" \/>\n<meta name=\"twitter:label1\" content=\"Tiempo de lectura\" \/>\n\t<meta name=\"twitter:data1\" content=\"3 minutos\" \/>\n<script type=\"application\/ld+json\" class=\"yoast-schema-graph\">{\"@context\":\"https:\\\/\\\/schema.org\",\"@graph\":[{\"@type\":\"WebPage\",\"@id\":\"https:\\\/\\\/www.paracelsus-magazin.ch\\\/es\\\/citas-paracelsus\\\/\",\"url\":\"https:\\\/\\\/www.paracelsus-magazin.ch\\\/es\\\/citas-paracelsus\\\/\",\"name\":\"Citas - Paracelsus Magazin\",\"isPartOf\":{\"@id\":\"https:\\\/\\\/www.paracelsus-magazin.ch\\\/es\\\/#website\"},\"datePublished\":\"2015-12-29T13:32:36+00:00\",\"dateModified\":\"2016-03-16T14:39:13+00:00\",\"breadcrumb\":{\"@id\":\"https:\\\/\\\/www.paracelsus-magazin.ch\\\/es\\\/citas-paracelsus\\\/#breadcrumb\"},\"inLanguage\":\"es\",\"potentialAction\":[{\"@type\":\"ReadAction\",\"target\":[\"https:\\\/\\\/www.paracelsus-magazin.ch\\\/es\\\/citas-paracelsus\\\/\"]}]},{\"@type\":\"BreadcrumbList\",\"@id\":\"https:\\\/\\\/www.paracelsus-magazin.ch\\\/es\\\/citas-paracelsus\\\/#breadcrumb\",\"itemListElement\":[{\"@type\":\"ListItem\",\"position\":1,\"name\":\"Startseite\",\"item\":\"https:\\\/\\\/www.paracelsus-magazin.ch\\\/es\\\/\"},{\"@type\":\"ListItem\",\"position\":2,\"name\":\"Citas\"}]},{\"@type\":\"WebSite\",\"@id\":\"https:\\\/\\\/www.paracelsus-magazin.ch\\\/es\\\/#website\",\"url\":\"https:\\\/\\\/www.paracelsus-magazin.ch\\\/es\\\/\",\"name\":\"Paracelsus Magazin\",\"description\":\"Health &amp; Healing Magazin\",\"publisher\":{\"@id\":\"https:\\\/\\\/www.paracelsus-magazin.ch\\\/es\\\/#organization\"},\"potentialAction\":[{\"@type\":\"SearchAction\",\"target\":{\"@type\":\"EntryPoint\",\"urlTemplate\":\"https:\\\/\\\/www.paracelsus-magazin.ch\\\/es\\\/?s={search_term_string}\"},\"query-input\":{\"@type\":\"PropertyValueSpecification\",\"valueRequired\":true,\"valueName\":\"search_term_string\"}}],\"inLanguage\":\"es\"},{\"@type\":\"Organization\",\"@id\":\"https:\\\/\\\/www.paracelsus-magazin.ch\\\/es\\\/#organization\",\"name\":\"Paracelsus Magazin\",\"url\":\"https:\\\/\\\/www.paracelsus-magazin.ch\\\/es\\\/\",\"logo\":{\"@type\":\"ImageObject\",\"inLanguage\":\"es\",\"@id\":\"https:\\\/\\\/www.paracelsus-magazin.ch\\\/es\\\/#\\\/schema\\\/logo\\\/image\\\/\",\"url\":\"https:\\\/\\\/www.paracelsus-magazin.ch\\\/wp-content\\\/uploads\\\/2023\\\/08\\\/logo-paracelsus-magazin-sqaure.jpg\",\"contentUrl\":\"https:\\\/\\\/www.paracelsus-magazin.ch\\\/wp-content\\\/uploads\\\/2023\\\/08\\\/logo-paracelsus-magazin-sqaure.jpg\",\"width\":696,\"height\":696,\"caption\":\"Paracelsus Magazin\"},\"image\":{\"@id\":\"https:\\\/\\\/www.paracelsus-magazin.ch\\\/es\\\/#\\\/schema\\\/logo\\\/image\\\/\"},\"sameAs\":[\"https:\\\/\\\/www.facebook.com\\\/Paracelsus-Magazin-436487499874780\\\/\"]}]}<\/script>\n<!-- \/ Yoast SEO plugin. -->","yoast_head_json":{"title":"Citas - Paracelsus Magazin","robots":{"index":"index","follow":"follow","max-snippet":"max-snippet:-1","max-image-preview":"max-image-preview:large","max-video-preview":"max-video-preview:-1"},"canonical":"https:\/\/www.paracelsus-magazin.ch\/es\/citas-paracelsus\/","og_locale":"es_ES","og_type":"article","og_title":"Citas - Paracelsus Magazin","og_description":"Citas de Paracelsus &nbsp; Las citas son de la selecci\u00f3n de las obras de Robert Blaser del libro \u00abParacelsus \u2013 El m\u00e9dico de nuestro tiempo\u00bb de Frank Geerk (Benziger-Verlag, Zurich, 1992), la \u00faltima cita de \u00abParacelso: Obras completas\u00bb (Aschner), vol.I ., p\u00e1gina 110) &nbsp;","og_url":"https:\/\/www.paracelsus-magazin.ch\/es\/citas-paracelsus\/","og_site_name":"Paracelsus Magazin","article_publisher":"https:\/\/www.facebook.com\/Paracelsus-Magazin-436487499874780\/","article_modified_time":"2016-03-16T14:39:13+00:00","og_image":[{"width":1200,"height":696,"url":"https:\/\/www.paracelsus-magazin.ch\/wp-content\/uploads\/2023\/08\/hauptbild-paracelsus-magazin.jpg","type":"image\/jpeg"}],"twitter_card":"summary_large_image","twitter_misc":{"Tiempo de lectura":"3 minutos"},"schema":{"@context":"https:\/\/schema.org","@graph":[{"@type":"WebPage","@id":"https:\/\/www.paracelsus-magazin.ch\/es\/citas-paracelsus\/","url":"https:\/\/www.paracelsus-magazin.ch\/es\/citas-paracelsus\/","name":"Citas - Paracelsus Magazin","isPartOf":{"@id":"https:\/\/www.paracelsus-magazin.ch\/es\/#website"},"datePublished":"2015-12-29T13:32:36+00:00","dateModified":"2016-03-16T14:39:13+00:00","breadcrumb":{"@id":"https:\/\/www.paracelsus-magazin.ch\/es\/citas-paracelsus\/#breadcrumb"},"inLanguage":"es","potentialAction":[{"@type":"ReadAction","target":["https:\/\/www.paracelsus-magazin.ch\/es\/citas-paracelsus\/"]}]},{"@type":"BreadcrumbList","@id":"https:\/\/www.paracelsus-magazin.ch\/es\/citas-paracelsus\/#breadcrumb","itemListElement":[{"@type":"ListItem","position":1,"name":"Startseite","item":"https:\/\/www.paracelsus-magazin.ch\/es\/"},{"@type":"ListItem","position":2,"name":"Citas"}]},{"@type":"WebSite","@id":"https:\/\/www.paracelsus-magazin.ch\/es\/#website","url":"https:\/\/www.paracelsus-magazin.ch\/es\/","name":"Paracelsus Magazin","description":"Health &amp; Healing Magazin","publisher":{"@id":"https:\/\/www.paracelsus-magazin.ch\/es\/#organization"},"potentialAction":[{"@type":"SearchAction","target":{"@type":"EntryPoint","urlTemplate":"https:\/\/www.paracelsus-magazin.ch\/es\/?s={search_term_string}"},"query-input":{"@type":"PropertyValueSpecification","valueRequired":true,"valueName":"search_term_string"}}],"inLanguage":"es"},{"@type":"Organization","@id":"https:\/\/www.paracelsus-magazin.ch\/es\/#organization","name":"Paracelsus Magazin","url":"https:\/\/www.paracelsus-magazin.ch\/es\/","logo":{"@type":"ImageObject","inLanguage":"es","@id":"https:\/\/www.paracelsus-magazin.ch\/es\/#\/schema\/logo\/image\/","url":"https:\/\/www.paracelsus-magazin.ch\/wp-content\/uploads\/2023\/08\/logo-paracelsus-magazin-sqaure.jpg","contentUrl":"https:\/\/www.paracelsus-magazin.ch\/wp-content\/uploads\/2023\/08\/logo-paracelsus-magazin-sqaure.jpg","width":696,"height":696,"caption":"Paracelsus Magazin"},"image":{"@id":"https:\/\/www.paracelsus-magazin.ch\/es\/#\/schema\/logo\/image\/"},"sameAs":["https:\/\/www.facebook.com\/Paracelsus-Magazin-436487499874780\/"]}]}},"_links":{"self":[{"href":"https:\/\/www.paracelsus-magazin.ch\/es\/wp-json\/wp\/v2\/pages\/2782","targetHints":{"allow":["GET"]}}],"collection":[{"href":"https:\/\/www.paracelsus-magazin.ch\/es\/wp-json\/wp\/v2\/pages"}],"about":[{"href":"https:\/\/www.paracelsus-magazin.ch\/es\/wp-json\/wp\/v2\/types\/page"}],"author":[{"embeddable":true,"href":"https:\/\/www.paracelsus-magazin.ch\/es\/wp-json\/wp\/v2\/users\/1"}],"replies":[{"embeddable":true,"href":"https:\/\/www.paracelsus-magazin.ch\/es\/wp-json\/wp\/v2\/comments?post=2782"}],"version-history":[{"count":0,"href":"https:\/\/www.paracelsus-magazin.ch\/es\/wp-json\/wp\/v2\/pages\/2782\/revisions"}],"wp:attachment":[{"href":"https:\/\/www.paracelsus-magazin.ch\/es\/wp-json\/wp\/v2\/media?parent=2782"}],"curies":[{"name":"wp","href":"https:\/\/api.w.org\/{rel}","templated":true}]}}