{"id":2692,"date":"2015-12-27T13:30:47","date_gmt":"2015-12-27T12:30:47","guid":{"rendered":"http:\/\/www.paracelsus-magazin.ch\/es\/impressum\/"},"modified":"2022-08-31T11:31:08","modified_gmt":"2022-08-31T09:31:08","slug":"huella","status":"publish","type":"page","link":"https:\/\/www.paracelsus-magazin.ch\/es\/huella\/","title":{"rendered":"Impresi\u00f3n"},"content":{"rendered":"<h1>Impresi\u00f3n<\/h1>\n<p>Paracelso &#8211; Salud y Curaci\u00f3n (Health and Healing)<\/p>\n<p>La Revista de Pr\u00e1cticas de Curaci\u00f3n y Conocimientos Tradicionales de Medicina en Oriente y Occidente<\/p>\n<p>F\u00f6hnhafen 1<br \/>\n6440 Brunnen<br \/>\nSuiza<br \/>\ninfo@paracelsus-magazin-ch<br \/>\n+49 152 08959408<\/p>\n<p>Paracelso fue un maestro de la salud y la curaci\u00f3n que representa un puente entre el mundo visible e invisible. Lo que dijo hace 50 a\u00f1os se est\u00e1 volviendo lentamente v\u00e1lido incluso para la ciencia m\u00e9dica moderna. Por lo tanto, la revista se publica en memoria de Paracelso para informar sobre todas las variedades de curaci\u00f3n\u00a0que se conocen como efectivas.<\/p>\n<p>Los temas son: Ayurveda, homeopat\u00eda, yoga, alquimia, naturopat\u00eda, terapias tradicionales del Lejano Oriente, magnetoterapia, hidroterapia, masaje, reflexolog\u00eda de los pies, fitoterapia, diet\u00e9tica, gemas para la curaci\u00f3n, terapia de color, terapia de sonido, viejas \u00abrecetas de la abuela\u00bb, terapias espirituales incluyendo la curaci\u00f3n a trav\u00e9s de la meditaci\u00f3n.<\/p>\n<p>La selecci\u00f3n es hecha por voluntarios que se sienten conectados a la visi\u00f3n hol\u00edstica del sabio doctor Paracelso. Los art\u00edculos que a\u00fan no han sido publicados ser\u00e1n marcados especialmente.<\/p>\n<h3>Fundador<\/h3>\n<p>Dr. K. Parvathi Kumar, India<\/p>\n<h3>Editor en jefe<\/h3>\n<p>Sabine Anliker, M.Sc. (Ayur) Natur\u00f3pata<\/p>\n<h3>Jefe de Coordinaci\u00f3n<\/h3>\n<p>Doris Tuminski<\/p>\n<h3>Consejo de Redacci\u00f3n<\/h3>\n<p>Dr. K. Parvathi Kumar<br \/>\nDr. Josep Par\u00e8s, MD<br \/>\nDr. Martin Picha, MD<\/p>\n<h3>Im\u00e1genes Digitales<\/h3>\n<p>Anna Beutler<br \/>\nJohannes Stasing<\/p>\n<h3>Responsabilidad por el contenido<\/h3>\n<p>Los autores proporcionan sus art\u00edculos de forma gratuita y son responsables de sus opiniones, as\u00ed como de sus art\u00edculos y de los derechos de autor de los mismos, incluyendo las im\u00e1genes.<\/p>\n<p>Nuestro agradecimiento a todos los autores y traductores por su trabajo.<\/p>\n<p>&nbsp;<\/p>\n<h3>Implementaci\u00f3n<\/h3>\n<p>SECC GmbH<br \/>\nMurhubelstrasse 4<br \/>\n6234 Triengen<br \/>\nSwitzerland<br \/>\n041 790 71 71<br \/>\n<a href=\"http:\/\/www.secc.ch\" target=\"_blank\" rel=\"noopener noreferrer\">www.secc.ch<\/a><\/p>\n","protected":false},"excerpt":{"rendered":"<p>Impresi\u00f3n Paracelso &#8211; Salud y Curaci\u00f3n (Health and Healing) La Revista de Pr\u00e1cticas de Curaci\u00f3n y Conocimientos Tradicionales de Medicina en Oriente y Occidente F\u00f6hnhafen 1 6440 Brunnen Suiza info@paracelsus-magazin-ch +49 152 08959408 Paracelso fue un maestro de la salud y la curaci\u00f3n que representa un puente entre el mundo visible e invisible. Lo que dijo hace 50 a\u00f1os se est\u00e1 volviendo lentamente v\u00e1lido incluso para la ciencia m\u00e9dica moderna. Por lo tanto, la revista se publica en memoria de Paracelso para informar sobre todas las variedades de curaci\u00f3n\u00a0que se conocen como efectivas. Los temas son: Ayurveda, homeopat\u00eda, yoga, alquimia, naturopat\u00eda, terapias tradicionales del Lejano Oriente, magnetoterapia, hidroterapia, masaje, reflexolog\u00eda de los pies, fitoterapia, diet\u00e9tica, gemas para la curaci\u00f3n, terapia de color, terapia de sonido, viejas \u00abrecetas de la abuela\u00bb, terapias espirituales incluyendo la curaci\u00f3n a trav\u00e9s de la meditaci\u00f3n. La selecci\u00f3n es hecha por voluntarios que se sienten conectados a la visi\u00f3n hol\u00edstica del sabio doctor Paracelso. Los art\u00edculos que a\u00fan no han sido publicados ser\u00e1n marcados especialmente. Fundador Dr. K. Parvathi Kumar, India Editor en jefe Sabine Anliker, M.Sc. (Ayur) Natur\u00f3pata Jefe de Coordinaci\u00f3n Doris Tuminski Consejo de Redacci\u00f3n Dr. K. Parvathi Kumar Dr. Josep Par\u00e8s, MD Dr. [&hellip;]<\/p>\n","protected":false},"author":1,"featured_media":0,"parent":0,"menu_order":0,"comment_status":"closed","ping_status":"closed","template":"","meta":{"footnotes":""},"class_list":["post-2692","page","type-page","status-publish","hentry"],"yoast_head":"<!-- This site is optimized with the Yoast SEO plugin v27.5 - https:\/\/yoast.com\/product\/yoast-seo-wordpress\/ -->\n<title>Impresi\u00f3n - Paracelsus Magazin<\/title>\n<meta name=\"robots\" content=\"index, follow, max-snippet:-1, max-image-preview:large, max-video-preview:-1\" \/>\n<link rel=\"canonical\" href=\"https:\/\/www.paracelsus-magazin.ch\/es\/huella\/\" \/>\n<meta property=\"og:locale\" content=\"es_ES\" \/>\n<meta property=\"og:type\" content=\"article\" \/>\n<meta property=\"og:title\" content=\"Impresi\u00f3n - Paracelsus Magazin\" \/>\n<meta property=\"og:description\" content=\"Impresi\u00f3n Paracelso &#8211; Salud y Curaci\u00f3n (Health and Healing) La Revista de Pr\u00e1cticas de Curaci\u00f3n y Conocimientos Tradicionales de Medicina en Oriente y Occidente F\u00f6hnhafen 1 6440 Brunnen Suiza info@paracelsus-magazin-ch +49 152 08959408 Paracelso fue un maestro de la salud y la curaci\u00f3n que representa un puente entre el mundo visible e invisible. Lo que dijo hace 50 a\u00f1os se est\u00e1 volviendo lentamente v\u00e1lido incluso para la ciencia m\u00e9dica moderna. Por lo tanto, la revista se publica en memoria de Paracelso para informar sobre todas las variedades de curaci\u00f3n\u00a0que se conocen como efectivas. Los temas son: Ayurveda, homeopat\u00eda, yoga, alquimia, naturopat\u00eda, terapias tradicionales del Lejano Oriente, magnetoterapia, hidroterapia, masaje, reflexolog\u00eda de los pies, fitoterapia, diet\u00e9tica, gemas para la curaci\u00f3n, terapia de color, terapia de sonido, viejas \u00abrecetas de la abuela\u00bb, terapias espirituales incluyendo la curaci\u00f3n a trav\u00e9s de la meditaci\u00f3n. La selecci\u00f3n es hecha por voluntarios que se sienten conectados a la visi\u00f3n hol\u00edstica del sabio doctor Paracelso. Los art\u00edculos que a\u00fan no han sido publicados ser\u00e1n marcados especialmente. Fundador Dr. K. Parvathi Kumar, India Editor en jefe Sabine Anliker, M.Sc. (Ayur) Natur\u00f3pata Jefe de Coordinaci\u00f3n Doris Tuminski Consejo de Redacci\u00f3n Dr. K. Parvathi Kumar Dr. Josep Par\u00e8s, MD Dr. [&hellip;]\" \/>\n<meta property=\"og:url\" content=\"https:\/\/www.paracelsus-magazin.ch\/es\/huella\/\" \/>\n<meta property=\"og:site_name\" content=\"Paracelsus Magazin\" \/>\n<meta property=\"article:publisher\" content=\"https:\/\/www.facebook.com\/Paracelsus-Magazin-436487499874780\/\" \/>\n<meta property=\"article:modified_time\" content=\"2022-08-31T09:31:08+00:00\" \/>\n<meta property=\"og:image\" content=\"https:\/\/www.paracelsus-magazin.ch\/wp-content\/uploads\/2023\/08\/hauptbild-paracelsus-magazin.jpg\" \/>\n\t<meta property=\"og:image:width\" content=\"1200\" \/>\n\t<meta property=\"og:image:height\" content=\"696\" \/>\n\t<meta property=\"og:image:type\" content=\"image\/jpeg\" \/>\n<meta name=\"twitter:card\" content=\"summary_large_image\" \/>\n<meta name=\"twitter:label1\" content=\"Tiempo de lectura\" \/>\n\t<meta name=\"twitter:data1\" content=\"1 minuto\" \/>\n<script type=\"application\/ld+json\" class=\"yoast-schema-graph\">{\"@context\":\"https:\\\/\\\/schema.org\",\"@graph\":[{\"@type\":\"WebPage\",\"@id\":\"https:\\\/\\\/www.paracelsus-magazin.ch\\\/es\\\/huella\\\/\",\"url\":\"https:\\\/\\\/www.paracelsus-magazin.ch\\\/es\\\/huella\\\/\",\"name\":\"Impresi\u00f3n - Paracelsus Magazin\",\"isPartOf\":{\"@id\":\"https:\\\/\\\/www.paracelsus-magazin.ch\\\/es\\\/#website\"},\"datePublished\":\"2015-12-27T12:30:47+00:00\",\"dateModified\":\"2022-08-31T09:31:08+00:00\",\"breadcrumb\":{\"@id\":\"https:\\\/\\\/www.paracelsus-magazin.ch\\\/es\\\/huella\\\/#breadcrumb\"},\"inLanguage\":\"es\",\"potentialAction\":[{\"@type\":\"ReadAction\",\"target\":[\"https:\\\/\\\/www.paracelsus-magazin.ch\\\/es\\\/huella\\\/\"]}]},{\"@type\":\"BreadcrumbList\",\"@id\":\"https:\\\/\\\/www.paracelsus-magazin.ch\\\/es\\\/huella\\\/#breadcrumb\",\"itemListElement\":[{\"@type\":\"ListItem\",\"position\":1,\"name\":\"Startseite\",\"item\":\"https:\\\/\\\/www.paracelsus-magazin.ch\\\/es\\\/\"},{\"@type\":\"ListItem\",\"position\":2,\"name\":\"Impresi\u00f3n\"}]},{\"@type\":\"WebSite\",\"@id\":\"https:\\\/\\\/www.paracelsus-magazin.ch\\\/es\\\/#website\",\"url\":\"https:\\\/\\\/www.paracelsus-magazin.ch\\\/es\\\/\",\"name\":\"Paracelsus Magazin\",\"description\":\"Health &amp; Healing Magazin\",\"publisher\":{\"@id\":\"https:\\\/\\\/www.paracelsus-magazin.ch\\\/es\\\/#organization\"},\"potentialAction\":[{\"@type\":\"SearchAction\",\"target\":{\"@type\":\"EntryPoint\",\"urlTemplate\":\"https:\\\/\\\/www.paracelsus-magazin.ch\\\/es\\\/?s={search_term_string}\"},\"query-input\":{\"@type\":\"PropertyValueSpecification\",\"valueRequired\":true,\"valueName\":\"search_term_string\"}}],\"inLanguage\":\"es\"},{\"@type\":\"Organization\",\"@id\":\"https:\\\/\\\/www.paracelsus-magazin.ch\\\/es\\\/#organization\",\"name\":\"Paracelsus Magazin\",\"url\":\"https:\\\/\\\/www.paracelsus-magazin.ch\\\/es\\\/\",\"logo\":{\"@type\":\"ImageObject\",\"inLanguage\":\"es\",\"@id\":\"https:\\\/\\\/www.paracelsus-magazin.ch\\\/es\\\/#\\\/schema\\\/logo\\\/image\\\/\",\"url\":\"https:\\\/\\\/www.paracelsus-magazin.ch\\\/wp-content\\\/uploads\\\/2023\\\/08\\\/logo-paracelsus-magazin-sqaure.jpg\",\"contentUrl\":\"https:\\\/\\\/www.paracelsus-magazin.ch\\\/wp-content\\\/uploads\\\/2023\\\/08\\\/logo-paracelsus-magazin-sqaure.jpg\",\"width\":696,\"height\":696,\"caption\":\"Paracelsus Magazin\"},\"image\":{\"@id\":\"https:\\\/\\\/www.paracelsus-magazin.ch\\\/es\\\/#\\\/schema\\\/logo\\\/image\\\/\"},\"sameAs\":[\"https:\\\/\\\/www.facebook.com\\\/Paracelsus-Magazin-436487499874780\\\/\"]}]}<\/script>\n<!-- \/ Yoast SEO plugin. -->","yoast_head_json":{"title":"Impresi\u00f3n - Paracelsus Magazin","robots":{"index":"index","follow":"follow","max-snippet":"max-snippet:-1","max-image-preview":"max-image-preview:large","max-video-preview":"max-video-preview:-1"},"canonical":"https:\/\/www.paracelsus-magazin.ch\/es\/huella\/","og_locale":"es_ES","og_type":"article","og_title":"Impresi\u00f3n - Paracelsus Magazin","og_description":"Impresi\u00f3n Paracelso &#8211; Salud y Curaci\u00f3n (Health and Healing) La Revista de Pr\u00e1cticas de Curaci\u00f3n y Conocimientos Tradicionales de Medicina en Oriente y Occidente F\u00f6hnhafen 1 6440 Brunnen Suiza info@paracelsus-magazin-ch +49 152 08959408 Paracelso fue un maestro de la salud y la curaci\u00f3n que representa un puente entre el mundo visible e invisible. Lo que dijo hace 50 a\u00f1os se est\u00e1 volviendo lentamente v\u00e1lido incluso para la ciencia m\u00e9dica moderna. Por lo tanto, la revista se publica en memoria de Paracelso para informar sobre todas las variedades de curaci\u00f3n\u00a0que se conocen como efectivas. Los temas son: Ayurveda, homeopat\u00eda, yoga, alquimia, naturopat\u00eda, terapias tradicionales del Lejano Oriente, magnetoterapia, hidroterapia, masaje, reflexolog\u00eda de los pies, fitoterapia, diet\u00e9tica, gemas para la curaci\u00f3n, terapia de color, terapia de sonido, viejas \u00abrecetas de la abuela\u00bb, terapias espirituales incluyendo la curaci\u00f3n a trav\u00e9s de la meditaci\u00f3n. La selecci\u00f3n es hecha por voluntarios que se sienten conectados a la visi\u00f3n hol\u00edstica del sabio doctor Paracelso. Los art\u00edculos que a\u00fan no han sido publicados ser\u00e1n marcados especialmente. Fundador Dr. K. Parvathi Kumar, India Editor en jefe Sabine Anliker, M.Sc. (Ayur) Natur\u00f3pata Jefe de Coordinaci\u00f3n Doris Tuminski Consejo de Redacci\u00f3n Dr. K. Parvathi Kumar Dr. Josep Par\u00e8s, MD Dr. [&hellip;]","og_url":"https:\/\/www.paracelsus-magazin.ch\/es\/huella\/","og_site_name":"Paracelsus Magazin","article_publisher":"https:\/\/www.facebook.com\/Paracelsus-Magazin-436487499874780\/","article_modified_time":"2022-08-31T09:31:08+00:00","og_image":[{"width":1200,"height":696,"url":"https:\/\/www.paracelsus-magazin.ch\/wp-content\/uploads\/2023\/08\/hauptbild-paracelsus-magazin.jpg","type":"image\/jpeg"}],"twitter_card":"summary_large_image","twitter_misc":{"Tiempo de lectura":"1 minuto"},"schema":{"@context":"https:\/\/schema.org","@graph":[{"@type":"WebPage","@id":"https:\/\/www.paracelsus-magazin.ch\/es\/huella\/","url":"https:\/\/www.paracelsus-magazin.ch\/es\/huella\/","name":"Impresi\u00f3n - Paracelsus Magazin","isPartOf":{"@id":"https:\/\/www.paracelsus-magazin.ch\/es\/#website"},"datePublished":"2015-12-27T12:30:47+00:00","dateModified":"2022-08-31T09:31:08+00:00","breadcrumb":{"@id":"https:\/\/www.paracelsus-magazin.ch\/es\/huella\/#breadcrumb"},"inLanguage":"es","potentialAction":[{"@type":"ReadAction","target":["https:\/\/www.paracelsus-magazin.ch\/es\/huella\/"]}]},{"@type":"BreadcrumbList","@id":"https:\/\/www.paracelsus-magazin.ch\/es\/huella\/#breadcrumb","itemListElement":[{"@type":"ListItem","position":1,"name":"Startseite","item":"https:\/\/www.paracelsus-magazin.ch\/es\/"},{"@type":"ListItem","position":2,"name":"Impresi\u00f3n"}]},{"@type":"WebSite","@id":"https:\/\/www.paracelsus-magazin.ch\/es\/#website","url":"https:\/\/www.paracelsus-magazin.ch\/es\/","name":"Paracelsus Magazin","description":"Health &amp; Healing Magazin","publisher":{"@id":"https:\/\/www.paracelsus-magazin.ch\/es\/#organization"},"potentialAction":[{"@type":"SearchAction","target":{"@type":"EntryPoint","urlTemplate":"https:\/\/www.paracelsus-magazin.ch\/es\/?s={search_term_string}"},"query-input":{"@type":"PropertyValueSpecification","valueRequired":true,"valueName":"search_term_string"}}],"inLanguage":"es"},{"@type":"Organization","@id":"https:\/\/www.paracelsus-magazin.ch\/es\/#organization","name":"Paracelsus Magazin","url":"https:\/\/www.paracelsus-magazin.ch\/es\/","logo":{"@type":"ImageObject","inLanguage":"es","@id":"https:\/\/www.paracelsus-magazin.ch\/es\/#\/schema\/logo\/image\/","url":"https:\/\/www.paracelsus-magazin.ch\/wp-content\/uploads\/2023\/08\/logo-paracelsus-magazin-sqaure.jpg","contentUrl":"https:\/\/www.paracelsus-magazin.ch\/wp-content\/uploads\/2023\/08\/logo-paracelsus-magazin-sqaure.jpg","width":696,"height":696,"caption":"Paracelsus Magazin"},"image":{"@id":"https:\/\/www.paracelsus-magazin.ch\/es\/#\/schema\/logo\/image\/"},"sameAs":["https:\/\/www.facebook.com\/Paracelsus-Magazin-436487499874780\/"]}]}},"_links":{"self":[{"href":"https:\/\/www.paracelsus-magazin.ch\/es\/wp-json\/wp\/v2\/pages\/2692","targetHints":{"allow":["GET"]}}],"collection":[{"href":"https:\/\/www.paracelsus-magazin.ch\/es\/wp-json\/wp\/v2\/pages"}],"about":[{"href":"https:\/\/www.paracelsus-magazin.ch\/es\/wp-json\/wp\/v2\/types\/page"}],"author":[{"embeddable":true,"href":"https:\/\/www.paracelsus-magazin.ch\/es\/wp-json\/wp\/v2\/users\/1"}],"replies":[{"embeddable":true,"href":"https:\/\/www.paracelsus-magazin.ch\/es\/wp-json\/wp\/v2\/comments?post=2692"}],"version-history":[{"count":0,"href":"https:\/\/www.paracelsus-magazin.ch\/es\/wp-json\/wp\/v2\/pages\/2692\/revisions"}],"wp:attachment":[{"href":"https:\/\/www.paracelsus-magazin.ch\/es\/wp-json\/wp\/v2\/media?parent=2692"}],"curies":[{"name":"wp","href":"https:\/\/api.w.org\/{rel}","templated":true}]}}