{"id":74,"date":"2015-12-29T14:45:00","date_gmt":"2015-12-29T13:45:00","guid":{"rendered":"http:\/\/www.paracelsus-magazin.ch\/?page_id=74"},"modified":"2018-02-05T10:56:13","modified_gmt":"2018-02-05T09:56:13","slug":"paracelsus-center","status":"publish","type":"page","link":"https:\/\/www.paracelsus-magazin.ch\/de\/paracelsus-center\/","title":{"rendered":"Paracelsus Center"},"content":{"rendered":"<div class=\"wpb-content-wrapper\"><p>[vc_row][vc_column]<div class=\"flexslider wpb_content_element\"><ul class=\"slides\"><li><img decoding=\"async\" src=\"https:\/\/www.paracelsus-magazin.ch\/wp-content\/uploads\/2015\/12\/parcelsus-center-gedenkstein.jpg\" alt=\"\" \/><\/li><li><img decoding=\"async\" src=\"https:\/\/www.paracelsus-magazin.ch\/wp-content\/uploads\/2015\/12\/parcelsus-center-teufelsbruecke.jpg\" alt=\"\" \/><\/li><li><img decoding=\"async\" src=\"https:\/\/www.paracelsus-magazin.ch\/wp-content\/uploads\/2015\/12\/parcelsus-center-schitzerei.jpg\" alt=\"\" \/><\/li><li><img decoding=\"async\" src=\"https:\/\/www.paracelsus-magazin.ch\/wp-content\/uploads\/2015\/12\/parcelsus-center-restaurant.jpg\" alt=\"\" \/><\/li><\/ul><\/div>[vc_column_text]<\/p>\n<h1><span class=\"subhead\">Paracelsus Center\u00a0<\/span><\/h1>\n<p>Gut 5 Kilometer vom bekannten Wallfahrtsort Einsiedeln (CH) entfernt, am St. Jakobs-Pilgerweg, befindet sich das Geburtshaus von Paracelsus, Bombastus Theophrastus von Hohenheim. Das Haus liegt in der Gemeinde Egg, in einem kleinen Tal am Fu\u00dfe des Etzel, direkt neben der alten \u201eTeufelsbr\u00fccke\u201d \u00fcber die Sihl.<\/p>\n<h2>Aktivit\u00e4ten<\/h2>\n<ul>\n<li><strong>Vortr\u00e4ge und Seminare<\/strong> \u00fcber Paracelsus<\/li>\n<li>Aufbau einer <strong>Paracelsus-Bibliothek<\/strong> (da wir nur auf Spendenbasis\u00a0arbeiten, freuen wir uns \u00fcber jegliche Unterst\u00fctzung)<\/li>\n<\/ul>\n<p>[\/vc_column_text][\/vc_column][\/vc_row]<\/p>\n<\/div>","protected":false},"excerpt":{"rendered":"<p>[vc_row][vc_column][vc_column_text] Paracelsus Center\u00a0 Gut 5 Kilometer vom bekannten Wallfahrtsort Einsiedeln (CH) entfernt, am St. Jakobs-Pilgerweg, befindet sich das Geburtshaus von Paracelsus, Bombastus Theophrastus von Hohenheim. Das Haus liegt in der Gemeinde Egg, in einem kleinen Tal am Fu\u00dfe des Etzel, direkt neben der alten \u201eTeufelsbr\u00fccke\u201d \u00fcber die Sihl. Aktivit\u00e4ten Vortr\u00e4ge und Seminare \u00fcber Paracelsus Aufbau einer Paracelsus-Bibliothek (da wir nur auf Spendenbasis\u00a0arbeiten, freuen wir uns \u00fcber jegliche Unterst\u00fctzung) [\/vc_column_text][\/vc_column][\/vc_row]<\/p>\n","protected":false},"author":1,"featured_media":0,"parent":0,"menu_order":0,"comment_status":"closed","ping_status":"closed","template":"","meta":{"footnotes":""},"class_list":["post-74","page","type-page","status-publish","hentry"],"yoast_head":"<!-- This site is optimized with the Yoast SEO plugin v27.4 - https:\/\/yoast.com\/product\/yoast-seo-wordpress\/ -->\n<title>Paracelsus Center - Paracelsus Magazin<\/title>\n<meta name=\"robots\" content=\"index, follow, max-snippet:-1, max-image-preview:large, max-video-preview:-1\" \/>\n<link rel=\"canonical\" href=\"https:\/\/www.paracelsus-magazin.ch\/de\/paracelsus-center\/\" \/>\n<meta property=\"og:locale\" content=\"de_DE\" \/>\n<meta property=\"og:type\" content=\"article\" \/>\n<meta property=\"og:title\" content=\"Paracelsus Center - Paracelsus Magazin\" \/>\n<meta property=\"og:description\" content=\"[vc_row][vc_column][vc_column_text] Paracelsus Center\u00a0 Gut 5 Kilometer vom bekannten Wallfahrtsort Einsiedeln (CH) entfernt, am St. Jakobs-Pilgerweg, befindet sich das Geburtshaus von Paracelsus, Bombastus Theophrastus von Hohenheim. Das Haus liegt in der Gemeinde Egg, in einem kleinen Tal am Fu\u00dfe des Etzel, direkt neben der alten \u201eTeufelsbr\u00fccke\u201d \u00fcber die Sihl. Aktivit\u00e4ten Vortr\u00e4ge und Seminare \u00fcber Paracelsus Aufbau einer Paracelsus-Bibliothek (da wir nur auf Spendenbasis\u00a0arbeiten, freuen wir uns \u00fcber jegliche Unterst\u00fctzung) [\/vc_column_text][\/vc_column][\/vc_row]\" \/>\n<meta property=\"og:url\" content=\"https:\/\/www.paracelsus-magazin.ch\/de\/paracelsus-center\/\" \/>\n<meta property=\"og:site_name\" content=\"Paracelsus Magazin\" \/>\n<meta property=\"article:publisher\" content=\"https:\/\/www.facebook.com\/Paracelsus-Magazin-436487499874780\/\" \/>\n<meta property=\"article:modified_time\" content=\"2018-02-05T09:56:13+00:00\" \/>\n<meta property=\"og:image\" content=\"https:\/\/www.paracelsus-magazin.ch\/wp-content\/uploads\/2023\/08\/hauptbild-paracelsus-magazin.jpg\" \/>\n\t<meta property=\"og:image:width\" content=\"1200\" \/>\n\t<meta property=\"og:image:height\" content=\"696\" \/>\n\t<meta property=\"og:image:type\" content=\"image\/jpeg\" \/>\n<meta name=\"twitter:card\" content=\"summary_large_image\" \/>\n<script type=\"application\/ld+json\" class=\"yoast-schema-graph\">{\"@context\":\"https:\\\/\\\/schema.org\",\"@graph\":[{\"@type\":\"WebPage\",\"@id\":\"https:\\\/\\\/www.paracelsus-magazin.ch\\\/de\\\/paracelsus-center\\\/\",\"url\":\"https:\\\/\\\/www.paracelsus-magazin.ch\\\/de\\\/paracelsus-center\\\/\",\"name\":\"Paracelsus Center - Paracelsus Magazin\",\"isPartOf\":{\"@id\":\"https:\\\/\\\/www.paracelsus-magazin.ch\\\/de\\\/#website\"},\"datePublished\":\"2015-12-29T13:45:00+00:00\",\"dateModified\":\"2018-02-05T09:56:13+00:00\",\"breadcrumb\":{\"@id\":\"https:\\\/\\\/www.paracelsus-magazin.ch\\\/de\\\/paracelsus-center\\\/#breadcrumb\"},\"inLanguage\":\"de\",\"potentialAction\":[{\"@type\":\"ReadAction\",\"target\":[\"https:\\\/\\\/www.paracelsus-magazin.ch\\\/de\\\/paracelsus-center\\\/\"]}]},{\"@type\":\"BreadcrumbList\",\"@id\":\"https:\\\/\\\/www.paracelsus-magazin.ch\\\/de\\\/paracelsus-center\\\/#breadcrumb\",\"itemListElement\":[{\"@type\":\"ListItem\",\"position\":1,\"name\":\"Startseite\",\"item\":\"https:\\\/\\\/www.paracelsus-magazin.ch\\\/de\\\/\"},{\"@type\":\"ListItem\",\"position\":2,\"name\":\"Paracelsus Center\"}]},{\"@type\":\"WebSite\",\"@id\":\"https:\\\/\\\/www.paracelsus-magazin.ch\\\/de\\\/#website\",\"url\":\"https:\\\/\\\/www.paracelsus-magazin.ch\\\/de\\\/\",\"name\":\"Paracelsus Magazin\",\"description\":\"Health &amp; Healing Magazin\",\"publisher\":{\"@id\":\"https:\\\/\\\/www.paracelsus-magazin.ch\\\/de\\\/#organization\"},\"potentialAction\":[{\"@type\":\"SearchAction\",\"target\":{\"@type\":\"EntryPoint\",\"urlTemplate\":\"https:\\\/\\\/www.paracelsus-magazin.ch\\\/de\\\/?s={search_term_string}\"},\"query-input\":{\"@type\":\"PropertyValueSpecification\",\"valueRequired\":true,\"valueName\":\"search_term_string\"}}],\"inLanguage\":\"de\"},{\"@type\":\"Organization\",\"@id\":\"https:\\\/\\\/www.paracelsus-magazin.ch\\\/de\\\/#organization\",\"name\":\"Paracelsus Magazin\",\"url\":\"https:\\\/\\\/www.paracelsus-magazin.ch\\\/de\\\/\",\"logo\":{\"@type\":\"ImageObject\",\"inLanguage\":\"de\",\"@id\":\"https:\\\/\\\/www.paracelsus-magazin.ch\\\/de\\\/#\\\/schema\\\/logo\\\/image\\\/\",\"url\":\"https:\\\/\\\/www.paracelsus-magazin.ch\\\/wp-content\\\/uploads\\\/2023\\\/08\\\/logo-paracelsus-magazin-sqaure.jpg\",\"contentUrl\":\"https:\\\/\\\/www.paracelsus-magazin.ch\\\/wp-content\\\/uploads\\\/2023\\\/08\\\/logo-paracelsus-magazin-sqaure.jpg\",\"width\":696,\"height\":696,\"caption\":\"Paracelsus Magazin\"},\"image\":{\"@id\":\"https:\\\/\\\/www.paracelsus-magazin.ch\\\/de\\\/#\\\/schema\\\/logo\\\/image\\\/\"},\"sameAs\":[\"https:\\\/\\\/www.facebook.com\\\/Paracelsus-Magazin-436487499874780\\\/\"]}]}<\/script>\n<!-- \/ Yoast SEO plugin. -->","yoast_head_json":{"title":"Paracelsus Center - Paracelsus Magazin","robots":{"index":"index","follow":"follow","max-snippet":"max-snippet:-1","max-image-preview":"max-image-preview:large","max-video-preview":"max-video-preview:-1"},"canonical":"https:\/\/www.paracelsus-magazin.ch\/de\/paracelsus-center\/","og_locale":"de_DE","og_type":"article","og_title":"Paracelsus Center - Paracelsus Magazin","og_description":"[vc_row][vc_column][vc_column_text] Paracelsus Center\u00a0 Gut 5 Kilometer vom bekannten Wallfahrtsort Einsiedeln (CH) entfernt, am St. Jakobs-Pilgerweg, befindet sich das Geburtshaus von Paracelsus, Bombastus Theophrastus von Hohenheim. Das Haus liegt in der Gemeinde Egg, in einem kleinen Tal am Fu\u00dfe des Etzel, direkt neben der alten \u201eTeufelsbr\u00fccke\u201d \u00fcber die Sihl. Aktivit\u00e4ten Vortr\u00e4ge und Seminare \u00fcber Paracelsus Aufbau einer Paracelsus-Bibliothek (da wir nur auf Spendenbasis\u00a0arbeiten, freuen wir uns \u00fcber jegliche Unterst\u00fctzung) [\/vc_column_text][\/vc_column][\/vc_row]","og_url":"https:\/\/www.paracelsus-magazin.ch\/de\/paracelsus-center\/","og_site_name":"Paracelsus Magazin","article_publisher":"https:\/\/www.facebook.com\/Paracelsus-Magazin-436487499874780\/","article_modified_time":"2018-02-05T09:56:13+00:00","og_image":[{"width":1200,"height":696,"url":"https:\/\/www.paracelsus-magazin.ch\/wp-content\/uploads\/2023\/08\/hauptbild-paracelsus-magazin.jpg","type":"image\/jpeg"}],"twitter_card":"summary_large_image","schema":{"@context":"https:\/\/schema.org","@graph":[{"@type":"WebPage","@id":"https:\/\/www.paracelsus-magazin.ch\/de\/paracelsus-center\/","url":"https:\/\/www.paracelsus-magazin.ch\/de\/paracelsus-center\/","name":"Paracelsus Center - Paracelsus Magazin","isPartOf":{"@id":"https:\/\/www.paracelsus-magazin.ch\/de\/#website"},"datePublished":"2015-12-29T13:45:00+00:00","dateModified":"2018-02-05T09:56:13+00:00","breadcrumb":{"@id":"https:\/\/www.paracelsus-magazin.ch\/de\/paracelsus-center\/#breadcrumb"},"inLanguage":"de","potentialAction":[{"@type":"ReadAction","target":["https:\/\/www.paracelsus-magazin.ch\/de\/paracelsus-center\/"]}]},{"@type":"BreadcrumbList","@id":"https:\/\/www.paracelsus-magazin.ch\/de\/paracelsus-center\/#breadcrumb","itemListElement":[{"@type":"ListItem","position":1,"name":"Startseite","item":"https:\/\/www.paracelsus-magazin.ch\/de\/"},{"@type":"ListItem","position":2,"name":"Paracelsus Center"}]},{"@type":"WebSite","@id":"https:\/\/www.paracelsus-magazin.ch\/de\/#website","url":"https:\/\/www.paracelsus-magazin.ch\/de\/","name":"Paracelsus Magazin","description":"Health &amp; Healing Magazin","publisher":{"@id":"https:\/\/www.paracelsus-magazin.ch\/de\/#organization"},"potentialAction":[{"@type":"SearchAction","target":{"@type":"EntryPoint","urlTemplate":"https:\/\/www.paracelsus-magazin.ch\/de\/?s={search_term_string}"},"query-input":{"@type":"PropertyValueSpecification","valueRequired":true,"valueName":"search_term_string"}}],"inLanguage":"de"},{"@type":"Organization","@id":"https:\/\/www.paracelsus-magazin.ch\/de\/#organization","name":"Paracelsus Magazin","url":"https:\/\/www.paracelsus-magazin.ch\/de\/","logo":{"@type":"ImageObject","inLanguage":"de","@id":"https:\/\/www.paracelsus-magazin.ch\/de\/#\/schema\/logo\/image\/","url":"https:\/\/www.paracelsus-magazin.ch\/wp-content\/uploads\/2023\/08\/logo-paracelsus-magazin-sqaure.jpg","contentUrl":"https:\/\/www.paracelsus-magazin.ch\/wp-content\/uploads\/2023\/08\/logo-paracelsus-magazin-sqaure.jpg","width":696,"height":696,"caption":"Paracelsus Magazin"},"image":{"@id":"https:\/\/www.paracelsus-magazin.ch\/de\/#\/schema\/logo\/image\/"},"sameAs":["https:\/\/www.facebook.com\/Paracelsus-Magazin-436487499874780\/"]}]}},"_links":{"self":[{"href":"https:\/\/www.paracelsus-magazin.ch\/de\/wp-json\/wp\/v2\/pages\/74","targetHints":{"allow":["GET"]}}],"collection":[{"href":"https:\/\/www.paracelsus-magazin.ch\/de\/wp-json\/wp\/v2\/pages"}],"about":[{"href":"https:\/\/www.paracelsus-magazin.ch\/de\/wp-json\/wp\/v2\/types\/page"}],"author":[{"embeddable":true,"href":"https:\/\/www.paracelsus-magazin.ch\/de\/wp-json\/wp\/v2\/users\/1"}],"replies":[{"embeddable":true,"href":"https:\/\/www.paracelsus-magazin.ch\/de\/wp-json\/wp\/v2\/comments?post=74"}],"version-history":[{"count":0,"href":"https:\/\/www.paracelsus-magazin.ch\/de\/wp-json\/wp\/v2\/pages\/74\/revisions"}],"wp:attachment":[{"href":"https:\/\/www.paracelsus-magazin.ch\/de\/wp-json\/wp\/v2\/media?parent=74"}],"curies":[{"name":"wp","href":"https:\/\/api.w.org\/{rel}","templated":true}]}}