{"id":70,"date":"2015-12-29T14:39:55","date_gmt":"2015-12-29T13:39:55","guid":{"rendered":"http:\/\/www.paracelsus-magazin.ch\/?page_id=70"},"modified":"2018-02-06T12:16:13","modified_gmt":"2018-02-06T11:16:13","slug":"team","status":"publish","type":"page","link":"https:\/\/www.paracelsus-magazin.ch\/de\/team\/","title":{"rendered":"Team"},"content":{"rendered":"<h1>Team<\/h1>\n<p>Im Gedenken an Paracelsus, dem gro\u00dfen Heiler, Alchemisten und Eingeweihten und sein Werk, hat sich eine internationale Gruppe von \u00c4rzten, Heilpraktikern, Therapeuten und Interessierten zusammengefunden.<\/p>\n<p>Diese Arbeitsgruppe, die ehrenamtlich t\u00e4tig ist,\u00a0 setzt ihre F\u00e4higkeiten sowie ihr pers\u00f6nliches Engagement ein, um das neue und alte Wissen \u00fcber Medizin und Heilkunst aus allen Teilen der Welt in dem Paracelsus Magazin \u201eHealth &amp; Healing\u201c bekannt zu machen.<\/p>\n<p>&nbsp;<\/p>\n<p><strong>Chefredaktion<\/strong><br \/>\nDr. K. Parvathi Kumar, Indien<\/p>\n<p><strong>Chef-Koordination<\/strong><br \/>\nDoris Tuminski, Deutschland<\/p>\n<p><strong>Redaktion<\/strong><br \/>\nDr. K. Parvathi Kumar, Indien<br \/>\nDoris Tuminski, Deutschland<br \/>\nDr. med. Josep Par\u00e9s, Spanien<br \/>\nDr. med. Martin Picha, \u00d6sterreich<\/p>\n<p>&nbsp;<\/p>\n<h2>Interesse am Magazin mitzuarbeiten?<\/h2>\n<p>Das Magazin Paracelsus \u2013 Health &amp; Healing m\u00f6chte \u00c4rzten und Heilpraktikern anbieten, ihre Ans\u00e4tze zu Gesundheit und Heilen zu ver\u00f6ffentlichen.\u00a0Wir laden Sie ein, uns Artikel in elektronischer Form zu senden. Die Herausgeber entscheiden \u00fcber eine Ver\u00f6ffentlichung.\u00a0Unterst\u00fctzen Sie die Produktion. Wenn Sie Lust und Freude haben, bei der Herstellung, der \u00dcbersetzung, dem Vertrieb oder der Finanzierung des Magazins mitzuhelfen, <a href=\"https:\/\/www.paracelsus-magazin.ch\/kontakt\/\">dann kontaktieren Sie uns.<\/a>\u00a0Wir freuen uns auf Ihre Mitarbeit und Ihre Ideen!<\/p>\n","protected":false},"excerpt":{"rendered":"<p>Team Im Gedenken an Paracelsus, dem gro\u00dfen Heiler, Alchemisten und Eingeweihten und sein Werk, hat sich eine internationale Gruppe von \u00c4rzten, Heilpraktikern, Therapeuten und Interessierten zusammengefunden. Diese Arbeitsgruppe, die ehrenamtlich t\u00e4tig ist,\u00a0 setzt ihre F\u00e4higkeiten sowie ihr pers\u00f6nliches Engagement ein, um das neue und alte Wissen \u00fcber Medizin und Heilkunst aus allen Teilen der Welt in dem Paracelsus Magazin \u201eHealth &amp; Healing\u201c bekannt zu machen. &nbsp; Chefredaktion Dr. K. Parvathi Kumar, Indien Chef-Koordination Doris Tuminski, Deutschland Redaktion Dr. K. Parvathi Kumar, Indien Doris Tuminski, Deutschland Dr. med. Josep Par\u00e9s, Spanien Dr. med. Martin Picha, \u00d6sterreich &nbsp; Interesse am Magazin mitzuarbeiten? Das Magazin Paracelsus \u2013 Health &amp; Healing m\u00f6chte \u00c4rzten und Heilpraktikern anbieten, ihre Ans\u00e4tze zu Gesundheit und Heilen zu ver\u00f6ffentlichen.\u00a0Wir laden Sie ein, uns Artikel in elektronischer Form zu senden. Die Herausgeber entscheiden \u00fcber eine Ver\u00f6ffentlichung.\u00a0Unterst\u00fctzen Sie die Produktion. Wenn Sie Lust und Freude haben, bei der Herstellung, der \u00dcbersetzung, dem Vertrieb oder der Finanzierung des Magazins mitzuhelfen, dann kontaktieren Sie uns.\u00a0Wir freuen uns auf Ihre Mitarbeit und Ihre Ideen!<\/p>\n","protected":false},"author":1,"featured_media":0,"parent":0,"menu_order":0,"comment_status":"closed","ping_status":"closed","template":"","meta":{"footnotes":""},"class_list":["post-70","page","type-page","status-publish","hentry"],"yoast_head":"<!-- This site is optimized with the Yoast SEO plugin v27.4 - https:\/\/yoast.com\/product\/yoast-seo-wordpress\/ -->\n<title>Team - Paracelsus Magazin<\/title>\n<meta name=\"robots\" content=\"index, follow, max-snippet:-1, max-image-preview:large, max-video-preview:-1\" \/>\n<link rel=\"canonical\" href=\"https:\/\/www.paracelsus-magazin.ch\/de\/team\/\" \/>\n<meta property=\"og:locale\" content=\"de_DE\" \/>\n<meta property=\"og:type\" content=\"article\" \/>\n<meta property=\"og:title\" content=\"Team - Paracelsus Magazin\" \/>\n<meta property=\"og:description\" content=\"Team Im Gedenken an Paracelsus, dem gro\u00dfen Heiler, Alchemisten und Eingeweihten und sein Werk, hat sich eine internationale Gruppe von \u00c4rzten, Heilpraktikern, Therapeuten und Interessierten zusammengefunden. Diese Arbeitsgruppe, die ehrenamtlich t\u00e4tig ist,\u00a0 setzt ihre F\u00e4higkeiten sowie ihr pers\u00f6nliches Engagement ein, um das neue und alte Wissen \u00fcber Medizin und Heilkunst aus allen Teilen der Welt in dem Paracelsus Magazin \u201eHealth &amp; Healing\u201c bekannt zu machen. &nbsp; Chefredaktion Dr. K. Parvathi Kumar, Indien Chef-Koordination Doris Tuminski, Deutschland Redaktion Dr. K. Parvathi Kumar, Indien Doris Tuminski, Deutschland Dr. med. Josep Par\u00e9s, Spanien Dr. med. Martin Picha, \u00d6sterreich &nbsp; Interesse am Magazin mitzuarbeiten? Das Magazin Paracelsus \u2013 Health &amp; Healing m\u00f6chte \u00c4rzten und Heilpraktikern anbieten, ihre Ans\u00e4tze zu Gesundheit und Heilen zu ver\u00f6ffentlichen.\u00a0Wir laden Sie ein, uns Artikel in elektronischer Form zu senden. Die Herausgeber entscheiden \u00fcber eine Ver\u00f6ffentlichung.\u00a0Unterst\u00fctzen Sie die Produktion. Wenn Sie Lust und Freude haben, bei der Herstellung, der \u00dcbersetzung, dem Vertrieb oder der Finanzierung des Magazins mitzuhelfen, dann kontaktieren Sie uns.\u00a0Wir freuen uns auf Ihre Mitarbeit und Ihre Ideen!\" \/>\n<meta property=\"og:url\" content=\"https:\/\/www.paracelsus-magazin.ch\/de\/team\/\" \/>\n<meta property=\"og:site_name\" content=\"Paracelsus Magazin\" \/>\n<meta property=\"article:publisher\" content=\"https:\/\/www.facebook.com\/Paracelsus-Magazin-436487499874780\/\" \/>\n<meta property=\"article:modified_time\" content=\"2018-02-06T11:16:13+00:00\" \/>\n<meta property=\"og:image\" content=\"https:\/\/www.paracelsus-magazin.ch\/wp-content\/uploads\/2023\/08\/hauptbild-paracelsus-magazin.jpg\" \/>\n\t<meta property=\"og:image:width\" content=\"1200\" \/>\n\t<meta property=\"og:image:height\" content=\"696\" \/>\n\t<meta property=\"og:image:type\" content=\"image\/jpeg\" \/>\n<meta name=\"twitter:card\" content=\"summary_large_image\" \/>\n<meta name=\"twitter:label1\" content=\"Gesch\u00e4tzte Lesezeit\" \/>\n\t<meta name=\"twitter:data1\" content=\"1\u00a0Minute\" \/>\n<script type=\"application\/ld+json\" class=\"yoast-schema-graph\">{\"@context\":\"https:\\\/\\\/schema.org\",\"@graph\":[{\"@type\":\"WebPage\",\"@id\":\"https:\\\/\\\/www.paracelsus-magazin.ch\\\/de\\\/team\\\/\",\"url\":\"https:\\\/\\\/www.paracelsus-magazin.ch\\\/de\\\/team\\\/\",\"name\":\"Team - Paracelsus Magazin\",\"isPartOf\":{\"@id\":\"https:\\\/\\\/www.paracelsus-magazin.ch\\\/de\\\/#website\"},\"datePublished\":\"2015-12-29T13:39:55+00:00\",\"dateModified\":\"2018-02-06T11:16:13+00:00\",\"breadcrumb\":{\"@id\":\"https:\\\/\\\/www.paracelsus-magazin.ch\\\/de\\\/team\\\/#breadcrumb\"},\"inLanguage\":\"de\",\"potentialAction\":[{\"@type\":\"ReadAction\",\"target\":[\"https:\\\/\\\/www.paracelsus-magazin.ch\\\/de\\\/team\\\/\"]}]},{\"@type\":\"BreadcrumbList\",\"@id\":\"https:\\\/\\\/www.paracelsus-magazin.ch\\\/de\\\/team\\\/#breadcrumb\",\"itemListElement\":[{\"@type\":\"ListItem\",\"position\":1,\"name\":\"Startseite\",\"item\":\"https:\\\/\\\/www.paracelsus-magazin.ch\\\/de\\\/\"},{\"@type\":\"ListItem\",\"position\":2,\"name\":\"Team\"}]},{\"@type\":\"WebSite\",\"@id\":\"https:\\\/\\\/www.paracelsus-magazin.ch\\\/de\\\/#website\",\"url\":\"https:\\\/\\\/www.paracelsus-magazin.ch\\\/de\\\/\",\"name\":\"Paracelsus Magazin\",\"description\":\"Health &amp; Healing Magazin\",\"publisher\":{\"@id\":\"https:\\\/\\\/www.paracelsus-magazin.ch\\\/de\\\/#organization\"},\"potentialAction\":[{\"@type\":\"SearchAction\",\"target\":{\"@type\":\"EntryPoint\",\"urlTemplate\":\"https:\\\/\\\/www.paracelsus-magazin.ch\\\/de\\\/?s={search_term_string}\"},\"query-input\":{\"@type\":\"PropertyValueSpecification\",\"valueRequired\":true,\"valueName\":\"search_term_string\"}}],\"inLanguage\":\"de\"},{\"@type\":\"Organization\",\"@id\":\"https:\\\/\\\/www.paracelsus-magazin.ch\\\/de\\\/#organization\",\"name\":\"Paracelsus Magazin\",\"url\":\"https:\\\/\\\/www.paracelsus-magazin.ch\\\/de\\\/\",\"logo\":{\"@type\":\"ImageObject\",\"inLanguage\":\"de\",\"@id\":\"https:\\\/\\\/www.paracelsus-magazin.ch\\\/de\\\/#\\\/schema\\\/logo\\\/image\\\/\",\"url\":\"https:\\\/\\\/www.paracelsus-magazin.ch\\\/wp-content\\\/uploads\\\/2023\\\/08\\\/logo-paracelsus-magazin-sqaure.jpg\",\"contentUrl\":\"https:\\\/\\\/www.paracelsus-magazin.ch\\\/wp-content\\\/uploads\\\/2023\\\/08\\\/logo-paracelsus-magazin-sqaure.jpg\",\"width\":696,\"height\":696,\"caption\":\"Paracelsus Magazin\"},\"image\":{\"@id\":\"https:\\\/\\\/www.paracelsus-magazin.ch\\\/de\\\/#\\\/schema\\\/logo\\\/image\\\/\"},\"sameAs\":[\"https:\\\/\\\/www.facebook.com\\\/Paracelsus-Magazin-436487499874780\\\/\"]}]}<\/script>\n<!-- \/ Yoast SEO plugin. -->","yoast_head_json":{"title":"Team - Paracelsus Magazin","robots":{"index":"index","follow":"follow","max-snippet":"max-snippet:-1","max-image-preview":"max-image-preview:large","max-video-preview":"max-video-preview:-1"},"canonical":"https:\/\/www.paracelsus-magazin.ch\/de\/team\/","og_locale":"de_DE","og_type":"article","og_title":"Team - Paracelsus Magazin","og_description":"Team Im Gedenken an Paracelsus, dem gro\u00dfen Heiler, Alchemisten und Eingeweihten und sein Werk, hat sich eine internationale Gruppe von \u00c4rzten, Heilpraktikern, Therapeuten und Interessierten zusammengefunden. Diese Arbeitsgruppe, die ehrenamtlich t\u00e4tig ist,\u00a0 setzt ihre F\u00e4higkeiten sowie ihr pers\u00f6nliches Engagement ein, um das neue und alte Wissen \u00fcber Medizin und Heilkunst aus allen Teilen der Welt in dem Paracelsus Magazin \u201eHealth &amp; Healing\u201c bekannt zu machen. &nbsp; Chefredaktion Dr. K. Parvathi Kumar, Indien Chef-Koordination Doris Tuminski, Deutschland Redaktion Dr. K. Parvathi Kumar, Indien Doris Tuminski, Deutschland Dr. med. Josep Par\u00e9s, Spanien Dr. med. Martin Picha, \u00d6sterreich &nbsp; Interesse am Magazin mitzuarbeiten? Das Magazin Paracelsus \u2013 Health &amp; Healing m\u00f6chte \u00c4rzten und Heilpraktikern anbieten, ihre Ans\u00e4tze zu Gesundheit und Heilen zu ver\u00f6ffentlichen.\u00a0Wir laden Sie ein, uns Artikel in elektronischer Form zu senden. Die Herausgeber entscheiden \u00fcber eine Ver\u00f6ffentlichung.\u00a0Unterst\u00fctzen Sie die Produktion. Wenn Sie Lust und Freude haben, bei der Herstellung, der \u00dcbersetzung, dem Vertrieb oder der Finanzierung des Magazins mitzuhelfen, dann kontaktieren Sie uns.\u00a0Wir freuen uns auf Ihre Mitarbeit und Ihre Ideen!","og_url":"https:\/\/www.paracelsus-magazin.ch\/de\/team\/","og_site_name":"Paracelsus Magazin","article_publisher":"https:\/\/www.facebook.com\/Paracelsus-Magazin-436487499874780\/","article_modified_time":"2018-02-06T11:16:13+00:00","og_image":[{"width":1200,"height":696,"url":"https:\/\/www.paracelsus-magazin.ch\/wp-content\/uploads\/2023\/08\/hauptbild-paracelsus-magazin.jpg","type":"image\/jpeg"}],"twitter_card":"summary_large_image","twitter_misc":{"Gesch\u00e4tzte Lesezeit":"1\u00a0Minute"},"schema":{"@context":"https:\/\/schema.org","@graph":[{"@type":"WebPage","@id":"https:\/\/www.paracelsus-magazin.ch\/de\/team\/","url":"https:\/\/www.paracelsus-magazin.ch\/de\/team\/","name":"Team - Paracelsus Magazin","isPartOf":{"@id":"https:\/\/www.paracelsus-magazin.ch\/de\/#website"},"datePublished":"2015-12-29T13:39:55+00:00","dateModified":"2018-02-06T11:16:13+00:00","breadcrumb":{"@id":"https:\/\/www.paracelsus-magazin.ch\/de\/team\/#breadcrumb"},"inLanguage":"de","potentialAction":[{"@type":"ReadAction","target":["https:\/\/www.paracelsus-magazin.ch\/de\/team\/"]}]},{"@type":"BreadcrumbList","@id":"https:\/\/www.paracelsus-magazin.ch\/de\/team\/#breadcrumb","itemListElement":[{"@type":"ListItem","position":1,"name":"Startseite","item":"https:\/\/www.paracelsus-magazin.ch\/de\/"},{"@type":"ListItem","position":2,"name":"Team"}]},{"@type":"WebSite","@id":"https:\/\/www.paracelsus-magazin.ch\/de\/#website","url":"https:\/\/www.paracelsus-magazin.ch\/de\/","name":"Paracelsus Magazin","description":"Health &amp; Healing Magazin","publisher":{"@id":"https:\/\/www.paracelsus-magazin.ch\/de\/#organization"},"potentialAction":[{"@type":"SearchAction","target":{"@type":"EntryPoint","urlTemplate":"https:\/\/www.paracelsus-magazin.ch\/de\/?s={search_term_string}"},"query-input":{"@type":"PropertyValueSpecification","valueRequired":true,"valueName":"search_term_string"}}],"inLanguage":"de"},{"@type":"Organization","@id":"https:\/\/www.paracelsus-magazin.ch\/de\/#organization","name":"Paracelsus Magazin","url":"https:\/\/www.paracelsus-magazin.ch\/de\/","logo":{"@type":"ImageObject","inLanguage":"de","@id":"https:\/\/www.paracelsus-magazin.ch\/de\/#\/schema\/logo\/image\/","url":"https:\/\/www.paracelsus-magazin.ch\/wp-content\/uploads\/2023\/08\/logo-paracelsus-magazin-sqaure.jpg","contentUrl":"https:\/\/www.paracelsus-magazin.ch\/wp-content\/uploads\/2023\/08\/logo-paracelsus-magazin-sqaure.jpg","width":696,"height":696,"caption":"Paracelsus Magazin"},"image":{"@id":"https:\/\/www.paracelsus-magazin.ch\/de\/#\/schema\/logo\/image\/"},"sameAs":["https:\/\/www.facebook.com\/Paracelsus-Magazin-436487499874780\/"]}]}},"_links":{"self":[{"href":"https:\/\/www.paracelsus-magazin.ch\/de\/wp-json\/wp\/v2\/pages\/70","targetHints":{"allow":["GET"]}}],"collection":[{"href":"https:\/\/www.paracelsus-magazin.ch\/de\/wp-json\/wp\/v2\/pages"}],"about":[{"href":"https:\/\/www.paracelsus-magazin.ch\/de\/wp-json\/wp\/v2\/types\/page"}],"author":[{"embeddable":true,"href":"https:\/\/www.paracelsus-magazin.ch\/de\/wp-json\/wp\/v2\/users\/1"}],"replies":[{"embeddable":true,"href":"https:\/\/www.paracelsus-magazin.ch\/de\/wp-json\/wp\/v2\/comments?post=70"}],"version-history":[{"count":0,"href":"https:\/\/www.paracelsus-magazin.ch\/de\/wp-json\/wp\/v2\/pages\/70\/revisions"}],"wp:attachment":[{"href":"https:\/\/www.paracelsus-magazin.ch\/de\/wp-json\/wp\/v2\/media?parent=70"}],"curies":[{"name":"wp","href":"https:\/\/api.w.org\/{rel}","templated":true}]}}