{"id":57,"date":"2015-12-29T14:28:55","date_gmt":"2015-12-29T13:28:55","guid":{"rendered":"http:\/\/www.paracelsus-magazin.ch\/?page_id=57"},"modified":"2019-08-21T19:56:03","modified_gmt":"2019-08-21T17:56:03","slug":"paracelsus-lehre","status":"publish","type":"page","link":"https:\/\/www.paracelsus-magazin.ch\/de\/paracelsus-lehre\/","title":{"rendered":"Paracelsus &#038; Lehre"},"content":{"rendered":"<h1>Paracelsus &amp; Lehre<\/h1>\n<p>Theophrastus Bombastus von Hohenheim (1493-1541), der sich selbst Paracelsus nannte, gilt als der Begr\u00fcnder einer neuen Heilkunde. Mit seinem philosophischen Denken, aus dem er die medizinische Lehre begr\u00fcndete, war er seiner Zeit weit voraus.<\/p>\n<p>Im Mittelpunkt steht der Mensch als Mikrokosmos, als Analogie und Abbild des ihn umgebenden Makrokosmos.<\/p>\n<p>Paracelsus widmete sein ganzes Leben der Suche nach den Ursachen von Krankheiten und deren Heilung mit nat\u00fcrlichen Mitteln. Sein Wissen \u00fcber Mineralien und Metalle, Elemente und Kr\u00e4uter, Astrologie und Alchemie wirft viel Licht auf das R\u00e4tsel des Heilens.\u00a0Der Mediziner, Heiler und Philosoph Paracelsus verstand Mensch und Natur als eine Einheit. Lange galt Paracelsus wegen seiner Lebensphilosophie als Tr\u00e4umer, Idealist und Mystiker.<\/p>\n<p>In Wahrheit war er ein Wegweiser, der seinen Mitmenschen aufzeigte, wie sie ein gl\u00fcckliches, gesundes und erf\u00fclltes Leben f\u00fchren k\u00f6nnen.<\/p>\n<h2>Weiteres zum Thema:<\/h2>\n<p><a href=\"https:\/\/www.paracelsus-magazin.ch\/zitate-paracelsus\/\">Zitate von Paracelsus<\/a><br \/>\n<a href=\"https:\/\/www.paracelsus-magazin.ch\/links-paracelsus\/\">Links zum Thema Paracelsus<\/a><br \/>\n<a href=\"https:\/\/www.paracelsus-magazin.ch\/paracelsus-lehre\/the-magazine-paracelsus-health-healing-turns-15-years\/\">Die Zeitschrift Paracelsus Health &amp; Healing wird 15 Jahre alt.<\/a><\/p>\n","protected":false},"excerpt":{"rendered":"<p>Paracelsus &amp; Lehre Theophrastus Bombastus von Hohenheim (1493-1541), der sich selbst Paracelsus nannte, gilt als der Begr\u00fcnder einer neuen Heilkunde. Mit seinem philosophischen Denken, aus dem er die medizinische Lehre begr\u00fcndete, war er seiner Zeit weit voraus. Im Mittelpunkt steht der Mensch als Mikrokosmos, als Analogie und Abbild des ihn umgebenden Makrokosmos. Paracelsus widmete sein ganzes Leben der Suche nach den Ursachen von Krankheiten und deren Heilung mit nat\u00fcrlichen Mitteln. Sein Wissen \u00fcber Mineralien und Metalle, Elemente und Kr\u00e4uter, Astrologie und Alchemie wirft viel Licht auf das R\u00e4tsel des Heilens.\u00a0Der Mediziner, Heiler und Philosoph Paracelsus verstand Mensch und Natur als eine Einheit. Lange galt Paracelsus wegen seiner Lebensphilosophie als Tr\u00e4umer, Idealist und Mystiker. In Wahrheit war er ein Wegweiser, der seinen Mitmenschen aufzeigte, wie sie ein gl\u00fcckliches, gesundes und erf\u00fclltes Leben f\u00fchren k\u00f6nnen. Weiteres zum Thema: Zitate von Paracelsus Links zum Thema Paracelsus Die Zeitschrift Paracelsus Health &amp; Healing wird 15 Jahre alt.<\/p>\n","protected":false},"author":1,"featured_media":0,"parent":0,"menu_order":0,"comment_status":"closed","ping_status":"closed","template":"","meta":{"footnotes":""},"class_list":["post-57","page","type-page","status-publish","hentry"],"yoast_head":"<!-- This site is optimized with the Yoast SEO plugin v27.4 - https:\/\/yoast.com\/product\/yoast-seo-wordpress\/ -->\n<title>Paracelsus &amp; Lehre - Paracelsus Magazin<\/title>\n<meta name=\"robots\" content=\"index, follow, max-snippet:-1, max-image-preview:large, max-video-preview:-1\" \/>\n<link rel=\"canonical\" href=\"https:\/\/www.paracelsus-magazin.ch\/de\/paracelsus-lehre\/\" \/>\n<meta property=\"og:locale\" content=\"de_DE\" \/>\n<meta property=\"og:type\" content=\"article\" \/>\n<meta property=\"og:title\" content=\"Paracelsus &amp; Lehre - Paracelsus Magazin\" \/>\n<meta property=\"og:description\" content=\"Paracelsus &amp; Lehre Theophrastus Bombastus von Hohenheim (1493-1541), der sich selbst Paracelsus nannte, gilt als der Begr\u00fcnder einer neuen Heilkunde. Mit seinem philosophischen Denken, aus dem er die medizinische Lehre begr\u00fcndete, war er seiner Zeit weit voraus. Im Mittelpunkt steht der Mensch als Mikrokosmos, als Analogie und Abbild des ihn umgebenden Makrokosmos. Paracelsus widmete sein ganzes Leben der Suche nach den Ursachen von Krankheiten und deren Heilung mit nat\u00fcrlichen Mitteln. Sein Wissen \u00fcber Mineralien und Metalle, Elemente und Kr\u00e4uter, Astrologie und Alchemie wirft viel Licht auf das R\u00e4tsel des Heilens.\u00a0Der Mediziner, Heiler und Philosoph Paracelsus verstand Mensch und Natur als eine Einheit. Lange galt Paracelsus wegen seiner Lebensphilosophie als Tr\u00e4umer, Idealist und Mystiker. In Wahrheit war er ein Wegweiser, der seinen Mitmenschen aufzeigte, wie sie ein gl\u00fcckliches, gesundes und erf\u00fclltes Leben f\u00fchren k\u00f6nnen. Weiteres zum Thema: Zitate von Paracelsus Links zum Thema Paracelsus Die Zeitschrift Paracelsus Health &amp; Healing wird 15 Jahre alt.\" \/>\n<meta property=\"og:url\" content=\"https:\/\/www.paracelsus-magazin.ch\/de\/paracelsus-lehre\/\" \/>\n<meta property=\"og:site_name\" content=\"Paracelsus Magazin\" \/>\n<meta property=\"article:publisher\" content=\"https:\/\/www.facebook.com\/Paracelsus-Magazin-436487499874780\/\" \/>\n<meta property=\"article:modified_time\" content=\"2019-08-21T17:56:03+00:00\" \/>\n<meta property=\"og:image\" content=\"https:\/\/www.paracelsus-magazin.ch\/wp-content\/uploads\/2023\/08\/hauptbild-paracelsus-magazin.jpg\" \/>\n\t<meta property=\"og:image:width\" content=\"1200\" \/>\n\t<meta property=\"og:image:height\" content=\"696\" \/>\n\t<meta property=\"og:image:type\" content=\"image\/jpeg\" \/>\n<meta name=\"twitter:card\" content=\"summary_large_image\" \/>\n<meta name=\"twitter:label1\" content=\"Gesch\u00e4tzte Lesezeit\" \/>\n\t<meta name=\"twitter:data1\" content=\"1\u00a0Minute\" \/>\n<script type=\"application\/ld+json\" class=\"yoast-schema-graph\">{\"@context\":\"https:\\\/\\\/schema.org\",\"@graph\":[{\"@type\":\"WebPage\",\"@id\":\"https:\\\/\\\/www.paracelsus-magazin.ch\\\/de\\\/paracelsus-lehre\\\/\",\"url\":\"https:\\\/\\\/www.paracelsus-magazin.ch\\\/de\\\/paracelsus-lehre\\\/\",\"name\":\"Paracelsus & Lehre - Paracelsus Magazin\",\"isPartOf\":{\"@id\":\"https:\\\/\\\/www.paracelsus-magazin.ch\\\/de\\\/#website\"},\"datePublished\":\"2015-12-29T13:28:55+00:00\",\"dateModified\":\"2019-08-21T17:56:03+00:00\",\"breadcrumb\":{\"@id\":\"https:\\\/\\\/www.paracelsus-magazin.ch\\\/de\\\/paracelsus-lehre\\\/#breadcrumb\"},\"inLanguage\":\"de\",\"potentialAction\":[{\"@type\":\"ReadAction\",\"target\":[\"https:\\\/\\\/www.paracelsus-magazin.ch\\\/de\\\/paracelsus-lehre\\\/\"]}]},{\"@type\":\"BreadcrumbList\",\"@id\":\"https:\\\/\\\/www.paracelsus-magazin.ch\\\/de\\\/paracelsus-lehre\\\/#breadcrumb\",\"itemListElement\":[{\"@type\":\"ListItem\",\"position\":1,\"name\":\"Startseite\",\"item\":\"https:\\\/\\\/www.paracelsus-magazin.ch\\\/de\\\/\"},{\"@type\":\"ListItem\",\"position\":2,\"name\":\"Paracelsus &#038; Lehre\"}]},{\"@type\":\"WebSite\",\"@id\":\"https:\\\/\\\/www.paracelsus-magazin.ch\\\/de\\\/#website\",\"url\":\"https:\\\/\\\/www.paracelsus-magazin.ch\\\/de\\\/\",\"name\":\"Paracelsus Magazin\",\"description\":\"Health &amp; Healing Magazin\",\"publisher\":{\"@id\":\"https:\\\/\\\/www.paracelsus-magazin.ch\\\/de\\\/#organization\"},\"potentialAction\":[{\"@type\":\"SearchAction\",\"target\":{\"@type\":\"EntryPoint\",\"urlTemplate\":\"https:\\\/\\\/www.paracelsus-magazin.ch\\\/de\\\/?s={search_term_string}\"},\"query-input\":{\"@type\":\"PropertyValueSpecification\",\"valueRequired\":true,\"valueName\":\"search_term_string\"}}],\"inLanguage\":\"de\"},{\"@type\":\"Organization\",\"@id\":\"https:\\\/\\\/www.paracelsus-magazin.ch\\\/de\\\/#organization\",\"name\":\"Paracelsus Magazin\",\"url\":\"https:\\\/\\\/www.paracelsus-magazin.ch\\\/de\\\/\",\"logo\":{\"@type\":\"ImageObject\",\"inLanguage\":\"de\",\"@id\":\"https:\\\/\\\/www.paracelsus-magazin.ch\\\/de\\\/#\\\/schema\\\/logo\\\/image\\\/\",\"url\":\"https:\\\/\\\/www.paracelsus-magazin.ch\\\/wp-content\\\/uploads\\\/2023\\\/08\\\/logo-paracelsus-magazin-sqaure.jpg\",\"contentUrl\":\"https:\\\/\\\/www.paracelsus-magazin.ch\\\/wp-content\\\/uploads\\\/2023\\\/08\\\/logo-paracelsus-magazin-sqaure.jpg\",\"width\":696,\"height\":696,\"caption\":\"Paracelsus Magazin\"},\"image\":{\"@id\":\"https:\\\/\\\/www.paracelsus-magazin.ch\\\/de\\\/#\\\/schema\\\/logo\\\/image\\\/\"},\"sameAs\":[\"https:\\\/\\\/www.facebook.com\\\/Paracelsus-Magazin-436487499874780\\\/\"]}]}<\/script>\n<!-- \/ Yoast SEO plugin. -->","yoast_head_json":{"title":"Paracelsus & Lehre - Paracelsus Magazin","robots":{"index":"index","follow":"follow","max-snippet":"max-snippet:-1","max-image-preview":"max-image-preview:large","max-video-preview":"max-video-preview:-1"},"canonical":"https:\/\/www.paracelsus-magazin.ch\/de\/paracelsus-lehre\/","og_locale":"de_DE","og_type":"article","og_title":"Paracelsus & Lehre - Paracelsus Magazin","og_description":"Paracelsus &amp; Lehre Theophrastus Bombastus von Hohenheim (1493-1541), der sich selbst Paracelsus nannte, gilt als der Begr\u00fcnder einer neuen Heilkunde. Mit seinem philosophischen Denken, aus dem er die medizinische Lehre begr\u00fcndete, war er seiner Zeit weit voraus. Im Mittelpunkt steht der Mensch als Mikrokosmos, als Analogie und Abbild des ihn umgebenden Makrokosmos. Paracelsus widmete sein ganzes Leben der Suche nach den Ursachen von Krankheiten und deren Heilung mit nat\u00fcrlichen Mitteln. Sein Wissen \u00fcber Mineralien und Metalle, Elemente und Kr\u00e4uter, Astrologie und Alchemie wirft viel Licht auf das R\u00e4tsel des Heilens.\u00a0Der Mediziner, Heiler und Philosoph Paracelsus verstand Mensch und Natur als eine Einheit. Lange galt Paracelsus wegen seiner Lebensphilosophie als Tr\u00e4umer, Idealist und Mystiker. In Wahrheit war er ein Wegweiser, der seinen Mitmenschen aufzeigte, wie sie ein gl\u00fcckliches, gesundes und erf\u00fclltes Leben f\u00fchren k\u00f6nnen. Weiteres zum Thema: Zitate von Paracelsus Links zum Thema Paracelsus Die Zeitschrift Paracelsus Health &amp; Healing wird 15 Jahre alt.","og_url":"https:\/\/www.paracelsus-magazin.ch\/de\/paracelsus-lehre\/","og_site_name":"Paracelsus Magazin","article_publisher":"https:\/\/www.facebook.com\/Paracelsus-Magazin-436487499874780\/","article_modified_time":"2019-08-21T17:56:03+00:00","og_image":[{"width":1200,"height":696,"url":"https:\/\/www.paracelsus-magazin.ch\/wp-content\/uploads\/2023\/08\/hauptbild-paracelsus-magazin.jpg","type":"image\/jpeg"}],"twitter_card":"summary_large_image","twitter_misc":{"Gesch\u00e4tzte Lesezeit":"1\u00a0Minute"},"schema":{"@context":"https:\/\/schema.org","@graph":[{"@type":"WebPage","@id":"https:\/\/www.paracelsus-magazin.ch\/de\/paracelsus-lehre\/","url":"https:\/\/www.paracelsus-magazin.ch\/de\/paracelsus-lehre\/","name":"Paracelsus & Lehre - Paracelsus Magazin","isPartOf":{"@id":"https:\/\/www.paracelsus-magazin.ch\/de\/#website"},"datePublished":"2015-12-29T13:28:55+00:00","dateModified":"2019-08-21T17:56:03+00:00","breadcrumb":{"@id":"https:\/\/www.paracelsus-magazin.ch\/de\/paracelsus-lehre\/#breadcrumb"},"inLanguage":"de","potentialAction":[{"@type":"ReadAction","target":["https:\/\/www.paracelsus-magazin.ch\/de\/paracelsus-lehre\/"]}]},{"@type":"BreadcrumbList","@id":"https:\/\/www.paracelsus-magazin.ch\/de\/paracelsus-lehre\/#breadcrumb","itemListElement":[{"@type":"ListItem","position":1,"name":"Startseite","item":"https:\/\/www.paracelsus-magazin.ch\/de\/"},{"@type":"ListItem","position":2,"name":"Paracelsus &#038; Lehre"}]},{"@type":"WebSite","@id":"https:\/\/www.paracelsus-magazin.ch\/de\/#website","url":"https:\/\/www.paracelsus-magazin.ch\/de\/","name":"Paracelsus Magazin","description":"Health &amp; Healing Magazin","publisher":{"@id":"https:\/\/www.paracelsus-magazin.ch\/de\/#organization"},"potentialAction":[{"@type":"SearchAction","target":{"@type":"EntryPoint","urlTemplate":"https:\/\/www.paracelsus-magazin.ch\/de\/?s={search_term_string}"},"query-input":{"@type":"PropertyValueSpecification","valueRequired":true,"valueName":"search_term_string"}}],"inLanguage":"de"},{"@type":"Organization","@id":"https:\/\/www.paracelsus-magazin.ch\/de\/#organization","name":"Paracelsus Magazin","url":"https:\/\/www.paracelsus-magazin.ch\/de\/","logo":{"@type":"ImageObject","inLanguage":"de","@id":"https:\/\/www.paracelsus-magazin.ch\/de\/#\/schema\/logo\/image\/","url":"https:\/\/www.paracelsus-magazin.ch\/wp-content\/uploads\/2023\/08\/logo-paracelsus-magazin-sqaure.jpg","contentUrl":"https:\/\/www.paracelsus-magazin.ch\/wp-content\/uploads\/2023\/08\/logo-paracelsus-magazin-sqaure.jpg","width":696,"height":696,"caption":"Paracelsus Magazin"},"image":{"@id":"https:\/\/www.paracelsus-magazin.ch\/de\/#\/schema\/logo\/image\/"},"sameAs":["https:\/\/www.facebook.com\/Paracelsus-Magazin-436487499874780\/"]}]}},"_links":{"self":[{"href":"https:\/\/www.paracelsus-magazin.ch\/de\/wp-json\/wp\/v2\/pages\/57","targetHints":{"allow":["GET"]}}],"collection":[{"href":"https:\/\/www.paracelsus-magazin.ch\/de\/wp-json\/wp\/v2\/pages"}],"about":[{"href":"https:\/\/www.paracelsus-magazin.ch\/de\/wp-json\/wp\/v2\/types\/page"}],"author":[{"embeddable":true,"href":"https:\/\/www.paracelsus-magazin.ch\/de\/wp-json\/wp\/v2\/users\/1"}],"replies":[{"embeddable":true,"href":"https:\/\/www.paracelsus-magazin.ch\/de\/wp-json\/wp\/v2\/comments?post=57"}],"version-history":[{"count":0,"href":"https:\/\/www.paracelsus-magazin.ch\/de\/wp-json\/wp\/v2\/pages\/57\/revisions"}],"wp:attachment":[{"href":"https:\/\/www.paracelsus-magazin.ch\/de\/wp-json\/wp\/v2\/media?parent=57"}],"curies":[{"name":"wp","href":"https:\/\/api.w.org\/{rel}","templated":true}]}}