{"id":50,"date":"2015-12-27T13:30:47","date_gmt":"2015-12-27T12:30:47","guid":{"rendered":"http:\/\/www.paracelsus-magazin.ch\/?page_id=50"},"modified":"2020-12-06T16:44:46","modified_gmt":"2020-12-06T15:44:46","slug":"impressum","status":"publish","type":"page","link":"https:\/\/www.paracelsus-magazin.ch\/de\/impressum\/","title":{"rendered":"Impressum"},"content":{"rendered":"<h1>Impressum<\/h1>\n<h3>Paracelsus \u2013 Health &amp; Healing<\/h3>\n<p>Die Zeitschrift f\u00fcr Heilmethoden und traditionelles medizinisches Wissen in Ost und West.<\/p>\n<p>F\u00f6hnhafen 1<br \/>\n6440 Brunnen<br \/>\nSchweiz<br \/>\ninfo@paracelsus-magazin.ch<br \/>\n+49 152 08959408<\/p>\n<p>Paracelsus war ein Meister der Gesundheit und des Heilens, eine Br\u00fccke zwischen der sichtbaren und unsichtbaren Welt. Was er vor 500 Jahren sagte, h\u00e4lt allm\u00e4hlich auch die moderne medizinische Wissenschaft f\u00fcr richtig. Deshalb wird das Magazin im Gedenken an Paracelsus herausgegeben. Sie m\u00f6chte \u00fcber die verschiedenen Heilmethoden informieren, die als wirkungsvoll erkannt wurden. Themenbereiche sind u.a.: Ayurveda, Hom\u00f6opathie, Yoga, Alchemie, Naturheilkunde, traditionelle Therapien aus dem Fernen Osten, Magnettherapie, Hydrotherapie, Massage, Fu\u00dfreflexzonenmassage, Phytotherapie, Di\u00e4tetik, Edelsteine &amp; Kristalle mit heilender Wirkung, Farbtherapie, Klangtherapie, alte \u201eGro\u00dfmutter-Rezepte\u201c, spirituelle Therapien einschlie\u00dflich der Heilung durch Meditation.<\/p>\n<p>Die Auswahl wird von ehrenamtlichen Mitarbeitern getroffen, die sich der ganzheitlichen Sicht des weisen Arztes Paracelsus verbunden f\u00fchlen. Die Beitr\u00e4ge, die noch nicht ver\u00f6ffentlicht wurden, werden besonders gekennzeichnet.<\/p>\n<h3>Gr\u00fcnder<\/h3>\n<p>Dr. K. Parvathi Kumar, Indien<\/p>\n<h3>Chefredaktion<\/h3>\n<p>Sabine Anliker, M.Sc. (Ayur) Naturopath<\/p>\n<h3>Chef-Koordination<\/h3>\n<p>Doris Tuminski<\/p>\n<h3>Redaktion<\/h3>\n<p>Dr. K. Parvathi Kumar<br \/>\nDr. Josep Par\u00e8s, MD<br \/>\nDr. Martin Picha, MD<\/p>\n<h3>Bild, digital Imaging<\/h3>\n<p>Anna Beutler<br \/>\nJohannes Stasing<\/p>\n<h3>Haftung f\u00fcr Inhalte<\/h3>\n<p>Die Autoren stellen ihre Artikel unentgeltlich zur Verf\u00fcgung und sind selbst f\u00fcr ihre Ansichten, ihre Artikel und f\u00fcr die Urheberrechte ihrer Artikel, einschlie\u00dflich der Bilder, verantwortlich.<\/p>\n<p>Wir danken allen Autoren und \u00dcbersetzern ganz herzlich f\u00fcr ihre Mitarbeit.<\/p>\n<p>&nbsp;<\/p>\n<h3>Umsetzung<\/h3>\n<p><a href=\"https:\/\/secc.ch\/\" target=\"_blank\" rel=\"noopener noreferrer\">SECC GmbH &#8211; Grafik und Webdesign<\/a><br \/>\nChilchlimatte 27<br \/>\n6214 Schenkon<br \/>\n+41 41 790 71 71<br \/>\n<a title=\"Agentur f\u00fcr Grafik und Webdesign in Schenkon (Luzern)\" href=\"https:\/\/secc.ch\/\" target=\"_blank\" rel=\"noopener noreferrer\">secc.ch<\/a><\/p>\n","protected":false},"excerpt":{"rendered":"<p>Impressum Paracelsus \u2013 Health &amp; Healing Die Zeitschrift f\u00fcr Heilmethoden und traditionelles medizinisches Wissen in Ost und West. F\u00f6hnhafen 1 6440 Brunnen Schweiz info@paracelsus-magazin.ch +49 152 08959408 Paracelsus war ein Meister der Gesundheit und des Heilens, eine Br\u00fccke zwischen der sichtbaren und unsichtbaren Welt. Was er vor 500 Jahren sagte, h\u00e4lt allm\u00e4hlich auch die moderne medizinische Wissenschaft f\u00fcr richtig. Deshalb wird das Magazin im Gedenken an Paracelsus herausgegeben. Sie m\u00f6chte \u00fcber die verschiedenen Heilmethoden informieren, die als wirkungsvoll erkannt wurden. Themenbereiche sind u.a.: Ayurveda, Hom\u00f6opathie, Yoga, Alchemie, Naturheilkunde, traditionelle Therapien aus dem Fernen Osten, Magnettherapie, Hydrotherapie, Massage, Fu\u00dfreflexzonenmassage, Phytotherapie, Di\u00e4tetik, Edelsteine &amp; Kristalle mit heilender Wirkung, Farbtherapie, Klangtherapie, alte \u201eGro\u00dfmutter-Rezepte\u201c, spirituelle Therapien einschlie\u00dflich der Heilung durch Meditation. Die Auswahl wird von ehrenamtlichen Mitarbeitern getroffen, die sich der ganzheitlichen Sicht des weisen Arztes Paracelsus verbunden f\u00fchlen. Die Beitr\u00e4ge, die noch nicht ver\u00f6ffentlicht wurden, werden besonders gekennzeichnet. Gr\u00fcnder Dr. K. Parvathi Kumar, Indien Chefredaktion Sabine Anliker, M.Sc. (Ayur) Naturopath Chef-Koordination Doris Tuminski Redaktion Dr. K. Parvathi Kumar Dr. Josep Par\u00e8s, MD Dr. Martin Picha, MD Bild, digital Imaging Anna Beutler Johannes Stasing Haftung f\u00fcr Inhalte Die Autoren stellen ihre Artikel unentgeltlich zur Verf\u00fcgung und sind selbst f\u00fcr ihre Ansichten, ihre Artikel und [&hellip;]<\/p>\n","protected":false},"author":1,"featured_media":0,"parent":0,"menu_order":0,"comment_status":"closed","ping_status":"closed","template":"","meta":{"footnotes":""},"class_list":["post-50","page","type-page","status-publish","hentry"],"yoast_head":"<!-- This site is optimized with the Yoast SEO plugin v27.4 - https:\/\/yoast.com\/product\/yoast-seo-wordpress\/ -->\n<title>Impressum - Paracelsus Magazin<\/title>\n<meta name=\"robots\" content=\"index, follow, max-snippet:-1, max-image-preview:large, max-video-preview:-1\" \/>\n<link rel=\"canonical\" href=\"https:\/\/www.paracelsus-magazin.ch\/de\/impressum\/\" \/>\n<meta property=\"og:locale\" content=\"de_DE\" \/>\n<meta property=\"og:type\" content=\"article\" \/>\n<meta property=\"og:title\" content=\"Impressum - Paracelsus Magazin\" \/>\n<meta property=\"og:description\" content=\"Impressum Paracelsus \u2013 Health &amp; Healing Die Zeitschrift f\u00fcr Heilmethoden und traditionelles medizinisches Wissen in Ost und West. F\u00f6hnhafen 1 6440 Brunnen Schweiz info@paracelsus-magazin.ch +49 152 08959408 Paracelsus war ein Meister der Gesundheit und des Heilens, eine Br\u00fccke zwischen der sichtbaren und unsichtbaren Welt. Was er vor 500 Jahren sagte, h\u00e4lt allm\u00e4hlich auch die moderne medizinische Wissenschaft f\u00fcr richtig. Deshalb wird das Magazin im Gedenken an Paracelsus herausgegeben. Sie m\u00f6chte \u00fcber die verschiedenen Heilmethoden informieren, die als wirkungsvoll erkannt wurden. Themenbereiche sind u.a.: Ayurveda, Hom\u00f6opathie, Yoga, Alchemie, Naturheilkunde, traditionelle Therapien aus dem Fernen Osten, Magnettherapie, Hydrotherapie, Massage, Fu\u00dfreflexzonenmassage, Phytotherapie, Di\u00e4tetik, Edelsteine &amp; Kristalle mit heilender Wirkung, Farbtherapie, Klangtherapie, alte \u201eGro\u00dfmutter-Rezepte\u201c, spirituelle Therapien einschlie\u00dflich der Heilung durch Meditation. Die Auswahl wird von ehrenamtlichen Mitarbeitern getroffen, die sich der ganzheitlichen Sicht des weisen Arztes Paracelsus verbunden f\u00fchlen. Die Beitr\u00e4ge, die noch nicht ver\u00f6ffentlicht wurden, werden besonders gekennzeichnet. Gr\u00fcnder Dr. K. Parvathi Kumar, Indien Chefredaktion Sabine Anliker, M.Sc. (Ayur) Naturopath Chef-Koordination Doris Tuminski Redaktion Dr. K. Parvathi Kumar Dr. Josep Par\u00e8s, MD Dr. Martin Picha, MD Bild, digital Imaging Anna Beutler Johannes Stasing Haftung f\u00fcr Inhalte Die Autoren stellen ihre Artikel unentgeltlich zur Verf\u00fcgung und sind selbst f\u00fcr ihre Ansichten, ihre Artikel und [&hellip;]\" \/>\n<meta property=\"og:url\" content=\"https:\/\/www.paracelsus-magazin.ch\/de\/impressum\/\" \/>\n<meta property=\"og:site_name\" content=\"Paracelsus Magazin\" \/>\n<meta property=\"article:publisher\" content=\"https:\/\/www.facebook.com\/Paracelsus-Magazin-436487499874780\/\" \/>\n<meta property=\"article:modified_time\" content=\"2020-12-06T15:44:46+00:00\" \/>\n<meta property=\"og:image\" content=\"https:\/\/www.paracelsus-magazin.ch\/wp-content\/uploads\/2023\/08\/hauptbild-paracelsus-magazin.jpg\" \/>\n\t<meta property=\"og:image:width\" content=\"1200\" \/>\n\t<meta property=\"og:image:height\" content=\"696\" \/>\n\t<meta property=\"og:image:type\" content=\"image\/jpeg\" \/>\n<meta name=\"twitter:card\" content=\"summary_large_image\" \/>\n<meta name=\"twitter:label1\" content=\"Gesch\u00e4tzte Lesezeit\" \/>\n\t<meta name=\"twitter:data1\" content=\"1\u00a0Minute\" \/>\n<script type=\"application\/ld+json\" class=\"yoast-schema-graph\">{\"@context\":\"https:\\\/\\\/schema.org\",\"@graph\":[{\"@type\":\"WebPage\",\"@id\":\"https:\\\/\\\/www.paracelsus-magazin.ch\\\/de\\\/impressum\\\/\",\"url\":\"https:\\\/\\\/www.paracelsus-magazin.ch\\\/de\\\/impressum\\\/\",\"name\":\"Impressum - Paracelsus Magazin\",\"isPartOf\":{\"@id\":\"https:\\\/\\\/www.paracelsus-magazin.ch\\\/de\\\/#website\"},\"datePublished\":\"2015-12-27T12:30:47+00:00\",\"dateModified\":\"2020-12-06T15:44:46+00:00\",\"breadcrumb\":{\"@id\":\"https:\\\/\\\/www.paracelsus-magazin.ch\\\/de\\\/impressum\\\/#breadcrumb\"},\"inLanguage\":\"de\",\"potentialAction\":[{\"@type\":\"ReadAction\",\"target\":[\"https:\\\/\\\/www.paracelsus-magazin.ch\\\/de\\\/impressum\\\/\"]}]},{\"@type\":\"BreadcrumbList\",\"@id\":\"https:\\\/\\\/www.paracelsus-magazin.ch\\\/de\\\/impressum\\\/#breadcrumb\",\"itemListElement\":[{\"@type\":\"ListItem\",\"position\":1,\"name\":\"Startseite\",\"item\":\"https:\\\/\\\/www.paracelsus-magazin.ch\\\/de\\\/\"},{\"@type\":\"ListItem\",\"position\":2,\"name\":\"Impressum\"}]},{\"@type\":\"WebSite\",\"@id\":\"https:\\\/\\\/www.paracelsus-magazin.ch\\\/de\\\/#website\",\"url\":\"https:\\\/\\\/www.paracelsus-magazin.ch\\\/de\\\/\",\"name\":\"Paracelsus Magazin\",\"description\":\"Health &amp; Healing Magazin\",\"publisher\":{\"@id\":\"https:\\\/\\\/www.paracelsus-magazin.ch\\\/de\\\/#organization\"},\"potentialAction\":[{\"@type\":\"SearchAction\",\"target\":{\"@type\":\"EntryPoint\",\"urlTemplate\":\"https:\\\/\\\/www.paracelsus-magazin.ch\\\/de\\\/?s={search_term_string}\"},\"query-input\":{\"@type\":\"PropertyValueSpecification\",\"valueRequired\":true,\"valueName\":\"search_term_string\"}}],\"inLanguage\":\"de\"},{\"@type\":\"Organization\",\"@id\":\"https:\\\/\\\/www.paracelsus-magazin.ch\\\/de\\\/#organization\",\"name\":\"Paracelsus Magazin\",\"url\":\"https:\\\/\\\/www.paracelsus-magazin.ch\\\/de\\\/\",\"logo\":{\"@type\":\"ImageObject\",\"inLanguage\":\"de\",\"@id\":\"https:\\\/\\\/www.paracelsus-magazin.ch\\\/de\\\/#\\\/schema\\\/logo\\\/image\\\/\",\"url\":\"https:\\\/\\\/www.paracelsus-magazin.ch\\\/wp-content\\\/uploads\\\/2023\\\/08\\\/logo-paracelsus-magazin-sqaure.jpg\",\"contentUrl\":\"https:\\\/\\\/www.paracelsus-magazin.ch\\\/wp-content\\\/uploads\\\/2023\\\/08\\\/logo-paracelsus-magazin-sqaure.jpg\",\"width\":696,\"height\":696,\"caption\":\"Paracelsus Magazin\"},\"image\":{\"@id\":\"https:\\\/\\\/www.paracelsus-magazin.ch\\\/de\\\/#\\\/schema\\\/logo\\\/image\\\/\"},\"sameAs\":[\"https:\\\/\\\/www.facebook.com\\\/Paracelsus-Magazin-436487499874780\\\/\"]}]}<\/script>\n<!-- \/ Yoast SEO plugin. -->","yoast_head_json":{"title":"Impressum - Paracelsus Magazin","robots":{"index":"index","follow":"follow","max-snippet":"max-snippet:-1","max-image-preview":"max-image-preview:large","max-video-preview":"max-video-preview:-1"},"canonical":"https:\/\/www.paracelsus-magazin.ch\/de\/impressum\/","og_locale":"de_DE","og_type":"article","og_title":"Impressum - Paracelsus Magazin","og_description":"Impressum Paracelsus \u2013 Health &amp; Healing Die Zeitschrift f\u00fcr Heilmethoden und traditionelles medizinisches Wissen in Ost und West. F\u00f6hnhafen 1 6440 Brunnen Schweiz info@paracelsus-magazin.ch +49 152 08959408 Paracelsus war ein Meister der Gesundheit und des Heilens, eine Br\u00fccke zwischen der sichtbaren und unsichtbaren Welt. Was er vor 500 Jahren sagte, h\u00e4lt allm\u00e4hlich auch die moderne medizinische Wissenschaft f\u00fcr richtig. Deshalb wird das Magazin im Gedenken an Paracelsus herausgegeben. Sie m\u00f6chte \u00fcber die verschiedenen Heilmethoden informieren, die als wirkungsvoll erkannt wurden. Themenbereiche sind u.a.: Ayurveda, Hom\u00f6opathie, Yoga, Alchemie, Naturheilkunde, traditionelle Therapien aus dem Fernen Osten, Magnettherapie, Hydrotherapie, Massage, Fu\u00dfreflexzonenmassage, Phytotherapie, Di\u00e4tetik, Edelsteine &amp; Kristalle mit heilender Wirkung, Farbtherapie, Klangtherapie, alte \u201eGro\u00dfmutter-Rezepte\u201c, spirituelle Therapien einschlie\u00dflich der Heilung durch Meditation. Die Auswahl wird von ehrenamtlichen Mitarbeitern getroffen, die sich der ganzheitlichen Sicht des weisen Arztes Paracelsus verbunden f\u00fchlen. Die Beitr\u00e4ge, die noch nicht ver\u00f6ffentlicht wurden, werden besonders gekennzeichnet. Gr\u00fcnder Dr. K. Parvathi Kumar, Indien Chefredaktion Sabine Anliker, M.Sc. (Ayur) Naturopath Chef-Koordination Doris Tuminski Redaktion Dr. K. Parvathi Kumar Dr. Josep Par\u00e8s, MD Dr. Martin Picha, MD Bild, digital Imaging Anna Beutler Johannes Stasing Haftung f\u00fcr Inhalte Die Autoren stellen ihre Artikel unentgeltlich zur Verf\u00fcgung und sind selbst f\u00fcr ihre Ansichten, ihre Artikel und [&hellip;]","og_url":"https:\/\/www.paracelsus-magazin.ch\/de\/impressum\/","og_site_name":"Paracelsus Magazin","article_publisher":"https:\/\/www.facebook.com\/Paracelsus-Magazin-436487499874780\/","article_modified_time":"2020-12-06T15:44:46+00:00","og_image":[{"width":1200,"height":696,"url":"https:\/\/www.paracelsus-magazin.ch\/wp-content\/uploads\/2023\/08\/hauptbild-paracelsus-magazin.jpg","type":"image\/jpeg"}],"twitter_card":"summary_large_image","twitter_misc":{"Gesch\u00e4tzte Lesezeit":"1\u00a0Minute"},"schema":{"@context":"https:\/\/schema.org","@graph":[{"@type":"WebPage","@id":"https:\/\/www.paracelsus-magazin.ch\/de\/impressum\/","url":"https:\/\/www.paracelsus-magazin.ch\/de\/impressum\/","name":"Impressum - Paracelsus Magazin","isPartOf":{"@id":"https:\/\/www.paracelsus-magazin.ch\/de\/#website"},"datePublished":"2015-12-27T12:30:47+00:00","dateModified":"2020-12-06T15:44:46+00:00","breadcrumb":{"@id":"https:\/\/www.paracelsus-magazin.ch\/de\/impressum\/#breadcrumb"},"inLanguage":"de","potentialAction":[{"@type":"ReadAction","target":["https:\/\/www.paracelsus-magazin.ch\/de\/impressum\/"]}]},{"@type":"BreadcrumbList","@id":"https:\/\/www.paracelsus-magazin.ch\/de\/impressum\/#breadcrumb","itemListElement":[{"@type":"ListItem","position":1,"name":"Startseite","item":"https:\/\/www.paracelsus-magazin.ch\/de\/"},{"@type":"ListItem","position":2,"name":"Impressum"}]},{"@type":"WebSite","@id":"https:\/\/www.paracelsus-magazin.ch\/de\/#website","url":"https:\/\/www.paracelsus-magazin.ch\/de\/","name":"Paracelsus Magazin","description":"Health &amp; Healing Magazin","publisher":{"@id":"https:\/\/www.paracelsus-magazin.ch\/de\/#organization"},"potentialAction":[{"@type":"SearchAction","target":{"@type":"EntryPoint","urlTemplate":"https:\/\/www.paracelsus-magazin.ch\/de\/?s={search_term_string}"},"query-input":{"@type":"PropertyValueSpecification","valueRequired":true,"valueName":"search_term_string"}}],"inLanguage":"de"},{"@type":"Organization","@id":"https:\/\/www.paracelsus-magazin.ch\/de\/#organization","name":"Paracelsus Magazin","url":"https:\/\/www.paracelsus-magazin.ch\/de\/","logo":{"@type":"ImageObject","inLanguage":"de","@id":"https:\/\/www.paracelsus-magazin.ch\/de\/#\/schema\/logo\/image\/","url":"https:\/\/www.paracelsus-magazin.ch\/wp-content\/uploads\/2023\/08\/logo-paracelsus-magazin-sqaure.jpg","contentUrl":"https:\/\/www.paracelsus-magazin.ch\/wp-content\/uploads\/2023\/08\/logo-paracelsus-magazin-sqaure.jpg","width":696,"height":696,"caption":"Paracelsus Magazin"},"image":{"@id":"https:\/\/www.paracelsus-magazin.ch\/de\/#\/schema\/logo\/image\/"},"sameAs":["https:\/\/www.facebook.com\/Paracelsus-Magazin-436487499874780\/"]}]}},"_links":{"self":[{"href":"https:\/\/www.paracelsus-magazin.ch\/de\/wp-json\/wp\/v2\/pages\/50","targetHints":{"allow":["GET"]}}],"collection":[{"href":"https:\/\/www.paracelsus-magazin.ch\/de\/wp-json\/wp\/v2\/pages"}],"about":[{"href":"https:\/\/www.paracelsus-magazin.ch\/de\/wp-json\/wp\/v2\/types\/page"}],"author":[{"embeddable":true,"href":"https:\/\/www.paracelsus-magazin.ch\/de\/wp-json\/wp\/v2\/users\/1"}],"replies":[{"embeddable":true,"href":"https:\/\/www.paracelsus-magazin.ch\/de\/wp-json\/wp\/v2\/comments?post=50"}],"version-history":[{"count":0,"href":"https:\/\/www.paracelsus-magazin.ch\/de\/wp-json\/wp\/v2\/pages\/50\/revisions"}],"wp:attachment":[{"href":"https:\/\/www.paracelsus-magazin.ch\/de\/wp-json\/wp\/v2\/media?parent=50"}],"curies":[{"name":"wp","href":"https:\/\/api.w.org\/{rel}","templated":true}]}}