{"id":25716,"date":"2023-02-15T17:31:16","date_gmt":"2023-02-15T16:31:16","guid":{"rendered":"https:\/\/www.paracelsus-magazin.ch\/gruender\/"},"modified":"2024-11-05T22:23:14","modified_gmt":"2024-11-05T21:23:14","slug":"gruender","status":"publish","type":"page","link":"https:\/\/www.paracelsus-magazin.ch\/de\/gruender\/","title":{"rendered":"Gr\u00fcnder"},"content":{"rendered":"<h1>Nachruf auf Dr. Kambhampati Parvathi Kumar<\/h1>\n<p>Dr. Kambhampati Parvathi Kumar hat am 1. November 2022 unerwartet, im Alter von 77 Jahren, die physische Ebene verlassen.<\/p>\n<p>Dr. Parvathi Kumar war der Gr\u00fcnder und Chefredakteur der Zeitschrift Paracelsus Health &amp; Healing. 19 Jahre leitete und f\u00fchrte er die Redaktion. Von ihm erschienen im Paracelsus Magazin regelm\u00e4\u00dfig Artikel zu gesundheitlichen, ayurvedischen, astrologischen, spirituellen Themen u.v.m.<span class=\"Apple-converted-space\">\u00a0 <\/span>Seine Artikel waren bei der Leserschaft \u00e4u\u00dferst beliebt und wurden gerne gelesen. Au\u00dferdem war er Autor von \u00fcber 150 B\u00fcchern, die in mehreren Sprachen \u00fcbersetzt wurden.<\/p>\n<p>Im Jahre 2003 gr\u00fcndete Dr. Kambhampati Parvathi Kumar die Zeitschrift Paracelsus Health &amp; Healing.<\/p>\n<p>Der Anlass dazu war ein Besuch des Geburtsortes Einsiedeln im Jahre 1993, anl\u00e4sslich der 500 Jahr Feier von Paracelsus. W\u00e4hrend dieses Besuches hatte Dr. Parvathi Kumar eine tiefe innere Begegnung mit Paracelsus.<\/p>\n<p>Im Jahre 1999 besuchte Dr. Parvathi Kumar zum zweiten Mal den Geburtsort, diesmal mit einer Gruppe von ca. 20 Personen aus Deutschland und der Schweiz. Dabei konkretisierte sich die Idee, eine Zeitschrift zu Ehren des gro\u00dfen Arztes Paracelsus in seinem Namen herauszubringen.<\/p>\n<p>Das Ziel war es, Heilmethoden und traditionelles medizinisches Wissen aus Ost und West monatlich in drei Sprachen (englisch, deutsch, spanisch) zu publizieren. Dabei sollten auch die Lehren von Paracelsus den Menschen in Erinnerung gebracht, verf\u00fcgbar und nutzbar gemacht werden. Der Gedanke war, dass zu Ehren von Paracelsus die gesamte Arbeit f\u00fcr die Zeitschrift ehrenamtlich ausgef\u00fchrt wird.<\/p>\n<p>Im Laufe der Zeit bildete sich so ein Netzwerk von Mitarbeitenden \u00fcber den gesamten Globus, denen Dr. Parvathi Kumar als gro\u00dfes Beispiel, mit Offenheit, Weisheit und als empathische F\u00fchrungsperson, vorstand.<\/p>\n<p>Das Paracelsus Magazin wurde dann bis zum Jahre 2016 als Printversion herausgegeben und anschlie\u00dfend, da Dr. Parvathi Kumar die Zeichen der Zeit erkannte, durch das kostenlose Paracelsus Health &amp; Healing Online-Magazin abgel\u00f6st.<\/p>\n<p>Wir danken Dr. Parvathi Kumar f\u00fcr seine unerm\u00fcdliche Arbeit im Dienste an der Menschheit und f\u00fcr das Wohl und die Gesundheit aller.<\/p>\n<p>In Gedenken<\/p>\n<p>Das Paracelsus-Team<\/p>\n","protected":false},"excerpt":{"rendered":"<p>Nachruf auf Dr. Kambhampati Parvathi Kumar Dr. Kambhampati Parvathi Kumar hat am 1. November 2022 unerwartet, im Alter von 77 Jahren, die physische Ebene verlassen. Dr. Parvathi Kumar war der Gr\u00fcnder und Chefredakteur der Zeitschrift Paracelsus Health &amp; Healing. 19 Jahre leitete und f\u00fchrte er die Redaktion. Von ihm erschienen im Paracelsus Magazin regelm\u00e4\u00dfig Artikel zu gesundheitlichen, ayurvedischen, astrologischen, spirituellen Themen u.v.m.\u00a0 Seine Artikel waren bei der Leserschaft \u00e4u\u00dferst beliebt und wurden gerne gelesen. Au\u00dferdem war er Autor von \u00fcber 150 B\u00fcchern, die in mehreren Sprachen \u00fcbersetzt wurden. Im Jahre 2003 gr\u00fcndete Dr. Kambhampati Parvathi Kumar die Zeitschrift Paracelsus Health &amp; Healing. Der Anlass dazu war ein Besuch des Geburtsortes Einsiedeln im Jahre 1993, anl\u00e4sslich der 500 Jahr Feier von Paracelsus. W\u00e4hrend dieses Besuches hatte Dr. Parvathi Kumar eine tiefe innere Begegnung mit Paracelsus. Im Jahre 1999 besuchte Dr. Parvathi Kumar zum zweiten Mal den Geburtsort, diesmal mit einer Gruppe von ca. 20 Personen aus Deutschland und der Schweiz. Dabei konkretisierte sich die Idee, eine Zeitschrift zu Ehren des gro\u00dfen Arztes Paracelsus in seinem Namen herauszubringen. Das Ziel war es, Heilmethoden und traditionelles medizinisches Wissen aus Ost und West monatlich in drei Sprachen (englisch, deutsch, spanisch) zu publizieren. Dabei sollten [&hellip;]<\/p>\n","protected":false},"author":1,"featured_media":0,"parent":0,"menu_order":0,"comment_status":"closed","ping_status":"closed","template":"","meta":{"footnotes":""},"class_list":["post-25716","page","type-page","status-publish","hentry"],"yoast_head":"<!-- This site is optimized with the Yoast SEO plugin v27.4 - https:\/\/yoast.com\/product\/yoast-seo-wordpress\/ -->\n<title>Gr\u00fcnder - Paracelsus Magazin<\/title>\n<meta name=\"robots\" content=\"index, follow, max-snippet:-1, max-image-preview:large, max-video-preview:-1\" \/>\n<link rel=\"canonical\" href=\"https:\/\/www.paracelsus-magazin.ch\/de\/gruender\/\" \/>\n<meta property=\"og:locale\" content=\"de_DE\" \/>\n<meta property=\"og:type\" content=\"article\" \/>\n<meta property=\"og:title\" content=\"Gr\u00fcnder - Paracelsus Magazin\" \/>\n<meta property=\"og:description\" content=\"Nachruf auf Dr. Kambhampati Parvathi Kumar Dr. Kambhampati Parvathi Kumar hat am 1. November 2022 unerwartet, im Alter von 77 Jahren, die physische Ebene verlassen. Dr. Parvathi Kumar war der Gr\u00fcnder und Chefredakteur der Zeitschrift Paracelsus Health &amp; Healing. 19 Jahre leitete und f\u00fchrte er die Redaktion. Von ihm erschienen im Paracelsus Magazin regelm\u00e4\u00dfig Artikel zu gesundheitlichen, ayurvedischen, astrologischen, spirituellen Themen u.v.m.\u00a0 Seine Artikel waren bei der Leserschaft \u00e4u\u00dferst beliebt und wurden gerne gelesen. Au\u00dferdem war er Autor von \u00fcber 150 B\u00fcchern, die in mehreren Sprachen \u00fcbersetzt wurden. Im Jahre 2003 gr\u00fcndete Dr. Kambhampati Parvathi Kumar die Zeitschrift Paracelsus Health &amp; Healing. Der Anlass dazu war ein Besuch des Geburtsortes Einsiedeln im Jahre 1993, anl\u00e4sslich der 500 Jahr Feier von Paracelsus. W\u00e4hrend dieses Besuches hatte Dr. Parvathi Kumar eine tiefe innere Begegnung mit Paracelsus. Im Jahre 1999 besuchte Dr. Parvathi Kumar zum zweiten Mal den Geburtsort, diesmal mit einer Gruppe von ca. 20 Personen aus Deutschland und der Schweiz. Dabei konkretisierte sich die Idee, eine Zeitschrift zu Ehren des gro\u00dfen Arztes Paracelsus in seinem Namen herauszubringen. Das Ziel war es, Heilmethoden und traditionelles medizinisches Wissen aus Ost und West monatlich in drei Sprachen (englisch, deutsch, spanisch) zu publizieren. Dabei sollten [&hellip;]\" \/>\n<meta property=\"og:url\" content=\"https:\/\/www.paracelsus-magazin.ch\/de\/gruender\/\" \/>\n<meta property=\"og:site_name\" content=\"Paracelsus Magazin\" \/>\n<meta property=\"article:publisher\" content=\"https:\/\/www.facebook.com\/Paracelsus-Magazin-436487499874780\/\" \/>\n<meta property=\"article:modified_time\" content=\"2024-11-05T21:23:14+00:00\" \/>\n<meta property=\"og:image\" content=\"https:\/\/www.paracelsus-magazin.ch\/wp-content\/uploads\/2023\/08\/hauptbild-paracelsus-magazin.jpg\" \/>\n\t<meta property=\"og:image:width\" content=\"1200\" \/>\n\t<meta property=\"og:image:height\" content=\"696\" \/>\n\t<meta property=\"og:image:type\" content=\"image\/jpeg\" \/>\n<meta name=\"twitter:card\" content=\"summary_large_image\" \/>\n<meta name=\"twitter:label1\" content=\"Gesch\u00e4tzte Lesezeit\" \/>\n\t<meta name=\"twitter:data1\" content=\"2\u00a0Minuten\" \/>\n<script type=\"application\/ld+json\" class=\"yoast-schema-graph\">{\"@context\":\"https:\\\/\\\/schema.org\",\"@graph\":[{\"@type\":\"WebPage\",\"@id\":\"https:\\\/\\\/www.paracelsus-magazin.ch\\\/de\\\/gruender\\\/\",\"url\":\"https:\\\/\\\/www.paracelsus-magazin.ch\\\/de\\\/gruender\\\/\",\"name\":\"Gr\u00fcnder - Paracelsus Magazin\",\"isPartOf\":{\"@id\":\"https:\\\/\\\/www.paracelsus-magazin.ch\\\/de\\\/#website\"},\"datePublished\":\"2023-02-15T16:31:16+00:00\",\"dateModified\":\"2024-11-05T21:23:14+00:00\",\"breadcrumb\":{\"@id\":\"https:\\\/\\\/www.paracelsus-magazin.ch\\\/de\\\/gruender\\\/#breadcrumb\"},\"inLanguage\":\"de\",\"potentialAction\":[{\"@type\":\"ReadAction\",\"target\":[\"https:\\\/\\\/www.paracelsus-magazin.ch\\\/de\\\/gruender\\\/\"]}]},{\"@type\":\"BreadcrumbList\",\"@id\":\"https:\\\/\\\/www.paracelsus-magazin.ch\\\/de\\\/gruender\\\/#breadcrumb\",\"itemListElement\":[{\"@type\":\"ListItem\",\"position\":1,\"name\":\"Startseite\",\"item\":\"https:\\\/\\\/www.paracelsus-magazin.ch\\\/de\\\/\"},{\"@type\":\"ListItem\",\"position\":2,\"name\":\"Gr\u00fcnder\"}]},{\"@type\":\"WebSite\",\"@id\":\"https:\\\/\\\/www.paracelsus-magazin.ch\\\/de\\\/#website\",\"url\":\"https:\\\/\\\/www.paracelsus-magazin.ch\\\/de\\\/\",\"name\":\"Paracelsus Magazin\",\"description\":\"Health &amp; Healing Magazin\",\"publisher\":{\"@id\":\"https:\\\/\\\/www.paracelsus-magazin.ch\\\/de\\\/#organization\"},\"potentialAction\":[{\"@type\":\"SearchAction\",\"target\":{\"@type\":\"EntryPoint\",\"urlTemplate\":\"https:\\\/\\\/www.paracelsus-magazin.ch\\\/de\\\/?s={search_term_string}\"},\"query-input\":{\"@type\":\"PropertyValueSpecification\",\"valueRequired\":true,\"valueName\":\"search_term_string\"}}],\"inLanguage\":\"de\"},{\"@type\":\"Organization\",\"@id\":\"https:\\\/\\\/www.paracelsus-magazin.ch\\\/de\\\/#organization\",\"name\":\"Paracelsus Magazin\",\"url\":\"https:\\\/\\\/www.paracelsus-magazin.ch\\\/de\\\/\",\"logo\":{\"@type\":\"ImageObject\",\"inLanguage\":\"de\",\"@id\":\"https:\\\/\\\/www.paracelsus-magazin.ch\\\/de\\\/#\\\/schema\\\/logo\\\/image\\\/\",\"url\":\"https:\\\/\\\/www.paracelsus-magazin.ch\\\/wp-content\\\/uploads\\\/2023\\\/08\\\/logo-paracelsus-magazin-sqaure.jpg\",\"contentUrl\":\"https:\\\/\\\/www.paracelsus-magazin.ch\\\/wp-content\\\/uploads\\\/2023\\\/08\\\/logo-paracelsus-magazin-sqaure.jpg\",\"width\":696,\"height\":696,\"caption\":\"Paracelsus Magazin\"},\"image\":{\"@id\":\"https:\\\/\\\/www.paracelsus-magazin.ch\\\/de\\\/#\\\/schema\\\/logo\\\/image\\\/\"},\"sameAs\":[\"https:\\\/\\\/www.facebook.com\\\/Paracelsus-Magazin-436487499874780\\\/\"]}]}<\/script>\n<!-- \/ Yoast SEO plugin. -->","yoast_head_json":{"title":"Gr\u00fcnder - Paracelsus Magazin","robots":{"index":"index","follow":"follow","max-snippet":"max-snippet:-1","max-image-preview":"max-image-preview:large","max-video-preview":"max-video-preview:-1"},"canonical":"https:\/\/www.paracelsus-magazin.ch\/de\/gruender\/","og_locale":"de_DE","og_type":"article","og_title":"Gr\u00fcnder - Paracelsus Magazin","og_description":"Nachruf auf Dr. Kambhampati Parvathi Kumar Dr. Kambhampati Parvathi Kumar hat am 1. November 2022 unerwartet, im Alter von 77 Jahren, die physische Ebene verlassen. Dr. Parvathi Kumar war der Gr\u00fcnder und Chefredakteur der Zeitschrift Paracelsus Health &amp; Healing. 19 Jahre leitete und f\u00fchrte er die Redaktion. Von ihm erschienen im Paracelsus Magazin regelm\u00e4\u00dfig Artikel zu gesundheitlichen, ayurvedischen, astrologischen, spirituellen Themen u.v.m.\u00a0 Seine Artikel waren bei der Leserschaft \u00e4u\u00dferst beliebt und wurden gerne gelesen. Au\u00dferdem war er Autor von \u00fcber 150 B\u00fcchern, die in mehreren Sprachen \u00fcbersetzt wurden. Im Jahre 2003 gr\u00fcndete Dr. Kambhampati Parvathi Kumar die Zeitschrift Paracelsus Health &amp; Healing. Der Anlass dazu war ein Besuch des Geburtsortes Einsiedeln im Jahre 1993, anl\u00e4sslich der 500 Jahr Feier von Paracelsus. W\u00e4hrend dieses Besuches hatte Dr. Parvathi Kumar eine tiefe innere Begegnung mit Paracelsus. Im Jahre 1999 besuchte Dr. Parvathi Kumar zum zweiten Mal den Geburtsort, diesmal mit einer Gruppe von ca. 20 Personen aus Deutschland und der Schweiz. Dabei konkretisierte sich die Idee, eine Zeitschrift zu Ehren des gro\u00dfen Arztes Paracelsus in seinem Namen herauszubringen. Das Ziel war es, Heilmethoden und traditionelles medizinisches Wissen aus Ost und West monatlich in drei Sprachen (englisch, deutsch, spanisch) zu publizieren. Dabei sollten [&hellip;]","og_url":"https:\/\/www.paracelsus-magazin.ch\/de\/gruender\/","og_site_name":"Paracelsus Magazin","article_publisher":"https:\/\/www.facebook.com\/Paracelsus-Magazin-436487499874780\/","article_modified_time":"2024-11-05T21:23:14+00:00","og_image":[{"width":1200,"height":696,"url":"https:\/\/www.paracelsus-magazin.ch\/wp-content\/uploads\/2023\/08\/hauptbild-paracelsus-magazin.jpg","type":"image\/jpeg"}],"twitter_card":"summary_large_image","twitter_misc":{"Gesch\u00e4tzte Lesezeit":"2\u00a0Minuten"},"schema":{"@context":"https:\/\/schema.org","@graph":[{"@type":"WebPage","@id":"https:\/\/www.paracelsus-magazin.ch\/de\/gruender\/","url":"https:\/\/www.paracelsus-magazin.ch\/de\/gruender\/","name":"Gr\u00fcnder - Paracelsus Magazin","isPartOf":{"@id":"https:\/\/www.paracelsus-magazin.ch\/de\/#website"},"datePublished":"2023-02-15T16:31:16+00:00","dateModified":"2024-11-05T21:23:14+00:00","breadcrumb":{"@id":"https:\/\/www.paracelsus-magazin.ch\/de\/gruender\/#breadcrumb"},"inLanguage":"de","potentialAction":[{"@type":"ReadAction","target":["https:\/\/www.paracelsus-magazin.ch\/de\/gruender\/"]}]},{"@type":"BreadcrumbList","@id":"https:\/\/www.paracelsus-magazin.ch\/de\/gruender\/#breadcrumb","itemListElement":[{"@type":"ListItem","position":1,"name":"Startseite","item":"https:\/\/www.paracelsus-magazin.ch\/de\/"},{"@type":"ListItem","position":2,"name":"Gr\u00fcnder"}]},{"@type":"WebSite","@id":"https:\/\/www.paracelsus-magazin.ch\/de\/#website","url":"https:\/\/www.paracelsus-magazin.ch\/de\/","name":"Paracelsus Magazin","description":"Health &amp; Healing Magazin","publisher":{"@id":"https:\/\/www.paracelsus-magazin.ch\/de\/#organization"},"potentialAction":[{"@type":"SearchAction","target":{"@type":"EntryPoint","urlTemplate":"https:\/\/www.paracelsus-magazin.ch\/de\/?s={search_term_string}"},"query-input":{"@type":"PropertyValueSpecification","valueRequired":true,"valueName":"search_term_string"}}],"inLanguage":"de"},{"@type":"Organization","@id":"https:\/\/www.paracelsus-magazin.ch\/de\/#organization","name":"Paracelsus Magazin","url":"https:\/\/www.paracelsus-magazin.ch\/de\/","logo":{"@type":"ImageObject","inLanguage":"de","@id":"https:\/\/www.paracelsus-magazin.ch\/de\/#\/schema\/logo\/image\/","url":"https:\/\/www.paracelsus-magazin.ch\/wp-content\/uploads\/2023\/08\/logo-paracelsus-magazin-sqaure.jpg","contentUrl":"https:\/\/www.paracelsus-magazin.ch\/wp-content\/uploads\/2023\/08\/logo-paracelsus-magazin-sqaure.jpg","width":696,"height":696,"caption":"Paracelsus Magazin"},"image":{"@id":"https:\/\/www.paracelsus-magazin.ch\/de\/#\/schema\/logo\/image\/"},"sameAs":["https:\/\/www.facebook.com\/Paracelsus-Magazin-436487499874780\/"]}]}},"_links":{"self":[{"href":"https:\/\/www.paracelsus-magazin.ch\/de\/wp-json\/wp\/v2\/pages\/25716","targetHints":{"allow":["GET"]}}],"collection":[{"href":"https:\/\/www.paracelsus-magazin.ch\/de\/wp-json\/wp\/v2\/pages"}],"about":[{"href":"https:\/\/www.paracelsus-magazin.ch\/de\/wp-json\/wp\/v2\/types\/page"}],"author":[{"embeddable":true,"href":"https:\/\/www.paracelsus-magazin.ch\/de\/wp-json\/wp\/v2\/users\/1"}],"replies":[{"embeddable":true,"href":"https:\/\/www.paracelsus-magazin.ch\/de\/wp-json\/wp\/v2\/comments?post=25716"}],"version-history":[{"count":0,"href":"https:\/\/www.paracelsus-magazin.ch\/de\/wp-json\/wp\/v2\/pages\/25716\/revisions"}],"wp:attachment":[{"href":"https:\/\/www.paracelsus-magazin.ch\/de\/wp-json\/wp\/v2\/media?parent=25716"}],"curies":[{"name":"wp","href":"https:\/\/api.w.org\/{rel}","templated":true}]}}