{"id":18389,"date":"2019-04-03T11:10:53","date_gmt":"2019-04-03T09:10:53","guid":{"rendered":"https:\/\/www.paracelsus-magazin.ch\/?page_id=18389"},"modified":"2024-11-05T22:24:19","modified_gmt":"2024-11-05T21:24:19","slug":"the-magazine-paracelsus-health-healing-turns-15-years","status":"publish","type":"page","link":"https:\/\/www.paracelsus-magazin.ch\/de\/paracelsus-lehre\/the-magazine-paracelsus-health-healing-turns-15-years\/","title":{"rendered":"Das Paracelsus Health &#038; Healing Magazin wird 15 Jahre alt"},"content":{"rendered":"<h1>Das Paracelsus Health &amp; Healing Magazin wird 15 Jahre alt.<\/h1>\n<p>Die Zeitschrift <em>Health &amp; Healing<\/em> ist eine Dienstaktivit\u00e4t, die bestrebt ist, \u00c4rzten, Heilern, Personen im Gesundheitsbereich, Kranken sowie ganz allgemein jenen zu helfen, die an Gesundheit interessiert sind. Das Werk ist der Gesundheit der Menschheit gewidmet.<\/p>\n<p>Wir schreiben das Jahr 2003. Einige Mitglieder des WTT-Global hatten eine Vision.<\/p>\n<p>Sie wollten im Sinne des gro\u00dfen Mediziners und Heilers PARACELSUS eine Zeitschrift herausgeben, die sowohl altes wie neues Heilwissen in sich vereint.<\/p>\n<p>Als Inspiration dienten die vier B\u00e4nde <em>\u201eParacelsus \u2013 S\u00e4mtliche Werke\u201c<\/em>.<\/p>\n<p>Bereits im Jahre 1999 wurde der Grundstein dieser Vision gelegt, als w\u00e4hrend eines Seminars\u00a0Dr. K. Parvathi Kumar und die Teilnehmer das Geburtshaus von Paracelsus in der Gemeinde Egg &#8211; unweit des bekannten Wallfahrtsortes Einsiedeln in der Schweiz &#8211; besuchten. Dort gab es einen Raum, der f\u00fcr Besucher zug\u00e4nglich war. Diese R\u00e4umlichkeit &#8211; eine kleine Wohnung mit K\u00fcche und Bad &#8211; wurde frei und von uns angemietet.<\/p>\n<p>So entstand das heutige \u00bbParacelsus-Center\u00ab. Ein Meditationsraum wurde eingerichtet, in dem bis heute regelm\u00e4\u00dfig Rituale zu entsprechenden Feierlichkeiten durchgef\u00fchrt werden.<\/p>\n<p>Dr. Kumar erkl\u00e4rte w\u00e4hrend eines weiteren Seminars in Einsiedeln den Teilnehmern das Projekt \u201cParacelsus Health &amp; Healing Magazin\u201c und bat um ihre Mitarbeit, sofern Interesse daran bestanden habe. Er selbst \u00fcbernahm die Pr\u00e4sidentschaft.<\/p>\n<p>F\u00fcr jeden Aufgabenbereich wurden Menschen guten Willens ben\u00f6tigt, die bereit waren,<br \/>\nIN ANLEHNUNG AN DAS SELBSTLOSE WIRKEN DES PARACELSUS ihre Zeit und ihr pers\u00f6nliches Engagement ehrenamtlich diesem Projekt zu widmen.<\/p>\n<p>Viele Gruppen bildeten sich mit ganz unterschiedlichen T\u00e4tigkeitsbereichen. Da das Magazin international erscheinen sollte, suchte man dementsprechend nach Unterst\u00fctzung f\u00fcr die redaktionelle T\u00e4tigkeit. Auf die Bitte von Dr. Kumar um Mitarbeit haben sich weltweit Freunde und Mitglieder bereit erkl\u00e4rt, an dieser gro\u00dfartigen Arbeit mitzuwirken.<\/p>\n<p>Die Redaktion wurde mit der Idee vertraut gemacht, die Autoren darauf anzusprechen, ob sie ihr Wissen der Leserschaft kostenlos zur Verf\u00fcgung stellen w\u00fcrden. Jeder Artikel w\u00fcrde jedoch mit einer kleinen Biografie und dem Foto des Autors erscheinen.<\/p>\n<p>Artikel mussten recherchiert werden, in mehrere Sprachen \u00fcbersetzt, Korrektur gelesen, das Layout erstellt, gedruckt und versandt werden. Das Magazin erschien zu Beginn monatlich &#8211; somit zw\u00f6lf Mal im Jahr. Um die Kosten m\u00f6glichst niedrig zu halten und so ein regelm\u00e4\u00dfiges Erscheinen zu gew\u00e4hrleisten, wurde das Magazin im Selbstverlag gedruckt.<\/p>\n<p>Die Abteilung Marketing ging mit dem Magazin an die \u00d6ffentlichkeit, stellte die Zeitschrift auf Gesundheitsmessen vor, fragte Firmen nach Annoncen und akquirierte Abonnenten, um die Selbstkosten zu bestreiten.<\/p>\n<p>F\u00fcr alle Beteiligten war es eine gro\u00dfe Freude, aber auch eine Herausforderung.<\/p>\n<p>Zw\u00f6lf Jahre erschien das Paracelsus-Magazin in gedruckter Form. Dann passte sich das Magazin dem Zeitgeist an und wurde digital.<\/p>\n<p>Seit Anfang 2016 erscheint es ausschlie\u00dflich online. Das bedeutet, dass die Interessenten jederzeit und weltweit kostenlos Zugriff auf s\u00e4mtliche Artikel haben.<\/p>\n<p>So konnte nun die Idee \u201ealtes und neues Wissen im Sinne des Mediziners PARACELSUS kostenlos f\u00fcr jedermann zur Verf\u00fcgung zu stellen\u201c, in die Tat umgesetzt werden.<\/p>\n<p>Im Jahr 2017 wechselte nach 14 Jahren die Chefredaktion. An dieser Stelle m\u00f6chten wir nicht vers\u00e4umen, uns f\u00fcr 14 Jahre intensivster guter Zusammenarbeit bei der Chefredakteurin und Initiatorin des Magazins sehr herzlich zu bedanken.<\/p>\n<p>Einmal j\u00e4hrlich im Jungfraumonat September trifft sich das Team weiterhin zum Austausch im &lt;\u00bbParacelsus-Center\u00ab&gt;. Wir suchen immer nach neuen M\u00f6glichkeiten, unser Magazin bekannter zu machen. Vielleicht ist es eine Idee f\u00fcr unsere Leser, sich an dem gro\u00dfen Werk PARACELSUS zu beteiligen, indem Sie den Link: <a href=\"http:\/\/www.paracelsusmagazin.ch\/\">www.paracelsusmagazin.ch<\/a>unter Ihre Gesch\u00e4fts- und Privatmail setzen.<\/p>\n<p>Abschlie\u00dfend m\u00f6chten wir uns mit herzlichem DANK an die Menschen wenden, die durch ihr Dazutun all die Jahre zum regelm\u00e4\u00dfigen Erscheinen der Zeitschrift beigetragen haben.<\/p>\n<p>Unserer Erfahrung nach reagierten die Menschen immer mit gro\u00dfer Bewunderung, egal wo und wem wir das Magazin Health &amp; Healing vorstellten. Zum einen wird wichtiges altes und neues Heilwissen weitergegeben und zum anderen ist es bemerkenswert, dass es in der heutigen Zeit noch Menschen gibt, die sich ehrenamtlich f\u00fcr ein solches Projekt einsetzen.<\/p>\n<p>Firmen und viele Interessierte zollen uns daf\u00fcr Respekt, Achtung und Anerkennung.<\/p>\n<p>An dieser Stelle m\u00f6chten wir allen, die das Paracelsus Magazin inhaltlich und finanziell unterst\u00fctzen, aber auch den Firmen, die ihre Anzeigen im Paracelsus Magazin Heath &amp; Healing schalteten, sehr herzlich danken.<\/p>\n<p>Unser tiefer DANK gilt aber vor allem dem gro\u00dfen Arzt und Meister PARACELSUS und Meister KPK, denn ohne ihre gro\u00dfartige Unterst\u00fctzung auf allen Ebenen w\u00e4re diese Arbeit nicht m\u00f6glich gewesen.<\/p>\n<p>Wir w\u00fcnschen Ihnen allen eine erf\u00fcllende Zeit<\/p>\n<p>Ihr Paracelsus-Team<\/p>\n","protected":false},"excerpt":{"rendered":"<p>Das Paracelsus Health &amp; Healing Magazin wird 15 Jahre alt. Die Zeitschrift Health &amp; Healing ist eine Dienstaktivit\u00e4t, die bestrebt ist, \u00c4rzten, Heilern, Personen im Gesundheitsbereich, Kranken sowie ganz allgemein jenen zu helfen, die an Gesundheit interessiert sind. Das Werk ist der Gesundheit der Menschheit gewidmet. Wir schreiben das Jahr 2003. Einige Mitglieder des WTT-Global hatten eine Vision. Sie wollten im Sinne des gro\u00dfen Mediziners und Heilers PARACELSUS eine Zeitschrift herausgeben, die sowohl altes wie neues Heilwissen in sich vereint. Als Inspiration dienten die vier B\u00e4nde \u201eParacelsus \u2013 S\u00e4mtliche Werke\u201c. Bereits im Jahre 1999 wurde der Grundstein dieser Vision gelegt, als w\u00e4hrend eines Seminars\u00a0Dr. K. Parvathi Kumar und die Teilnehmer das Geburtshaus von Paracelsus in der Gemeinde Egg &#8211; unweit des bekannten Wallfahrtsortes Einsiedeln in der Schweiz &#8211; besuchten. Dort gab es einen Raum, der f\u00fcr Besucher zug\u00e4nglich war. Diese R\u00e4umlichkeit &#8211; eine kleine Wohnung mit K\u00fcche und Bad &#8211; wurde frei und von uns angemietet. So entstand das heutige \u00bbParacelsus-Center\u00ab. Ein Meditationsraum wurde eingerichtet, in dem bis heute regelm\u00e4\u00dfig Rituale zu entsprechenden Feierlichkeiten durchgef\u00fchrt werden. Dr. Kumar erkl\u00e4rte w\u00e4hrend eines weiteren Seminars in Einsiedeln den Teilnehmern das Projekt \u201cParacelsus Health &amp; Healing Magazin\u201c und bat um ihre Mitarbeit, sofern [&hellip;]<\/p>\n","protected":false},"author":1,"featured_media":0,"parent":57,"menu_order":0,"comment_status":"closed","ping_status":"closed","template":"","meta":{"footnotes":""},"class_list":["post-18389","page","type-page","status-publish","hentry"],"yoast_head":"<!-- This site is optimized with the Yoast SEO plugin v27.4 - https:\/\/yoast.com\/product\/yoast-seo-wordpress\/ -->\n<title>Das Paracelsus Health &amp; Healing Magazin wird 15 Jahre alt - Paracelsus Magazin<\/title>\n<meta name=\"robots\" content=\"index, follow, max-snippet:-1, max-image-preview:large, max-video-preview:-1\" \/>\n<link rel=\"canonical\" href=\"https:\/\/www.paracelsus-magazin.ch\/de\/paracelsus-lehre\/the-magazine-paracelsus-health-healing-turns-15-years\/\" \/>\n<meta property=\"og:locale\" content=\"de_DE\" \/>\n<meta property=\"og:type\" content=\"article\" \/>\n<meta property=\"og:title\" content=\"Das Paracelsus Health &amp; Healing Magazin wird 15 Jahre alt - Paracelsus Magazin\" \/>\n<meta property=\"og:description\" content=\"Das Paracelsus Health &amp; Healing Magazin wird 15 Jahre alt. Die Zeitschrift Health &amp; Healing ist eine Dienstaktivit\u00e4t, die bestrebt ist, \u00c4rzten, Heilern, Personen im Gesundheitsbereich, Kranken sowie ganz allgemein jenen zu helfen, die an Gesundheit interessiert sind. Das Werk ist der Gesundheit der Menschheit gewidmet. Wir schreiben das Jahr 2003. Einige Mitglieder des WTT-Global hatten eine Vision. Sie wollten im Sinne des gro\u00dfen Mediziners und Heilers PARACELSUS eine Zeitschrift herausgeben, die sowohl altes wie neues Heilwissen in sich vereint. Als Inspiration dienten die vier B\u00e4nde \u201eParacelsus \u2013 S\u00e4mtliche Werke\u201c. Bereits im Jahre 1999 wurde der Grundstein dieser Vision gelegt, als w\u00e4hrend eines Seminars\u00a0Dr. K. Parvathi Kumar und die Teilnehmer das Geburtshaus von Paracelsus in der Gemeinde Egg &#8211; unweit des bekannten Wallfahrtsortes Einsiedeln in der Schweiz &#8211; besuchten. Dort gab es einen Raum, der f\u00fcr Besucher zug\u00e4nglich war. Diese R\u00e4umlichkeit &#8211; eine kleine Wohnung mit K\u00fcche und Bad &#8211; wurde frei und von uns angemietet. So entstand das heutige \u00bbParacelsus-Center\u00ab. Ein Meditationsraum wurde eingerichtet, in dem bis heute regelm\u00e4\u00dfig Rituale zu entsprechenden Feierlichkeiten durchgef\u00fchrt werden. Dr. Kumar erkl\u00e4rte w\u00e4hrend eines weiteren Seminars in Einsiedeln den Teilnehmern das Projekt \u201cParacelsus Health &amp; Healing Magazin\u201c und bat um ihre Mitarbeit, sofern [&hellip;]\" \/>\n<meta property=\"og:url\" content=\"https:\/\/www.paracelsus-magazin.ch\/de\/paracelsus-lehre\/the-magazine-paracelsus-health-healing-turns-15-years\/\" \/>\n<meta property=\"og:site_name\" content=\"Paracelsus Magazin\" \/>\n<meta property=\"article:publisher\" content=\"https:\/\/www.facebook.com\/Paracelsus-Magazin-436487499874780\/\" \/>\n<meta property=\"article:modified_time\" content=\"2024-11-05T21:24:19+00:00\" \/>\n<meta property=\"og:image\" content=\"https:\/\/www.paracelsus-magazin.ch\/wp-content\/uploads\/2023\/08\/hauptbild-paracelsus-magazin.jpg\" \/>\n\t<meta property=\"og:image:width\" content=\"1200\" \/>\n\t<meta property=\"og:image:height\" content=\"696\" \/>\n\t<meta property=\"og:image:type\" content=\"image\/jpeg\" \/>\n<meta name=\"twitter:card\" content=\"summary_large_image\" \/>\n<meta name=\"twitter:label1\" content=\"Gesch\u00e4tzte Lesezeit\" \/>\n\t<meta name=\"twitter:data1\" content=\"4\u00a0Minuten\" \/>\n<script type=\"application\/ld+json\" class=\"yoast-schema-graph\">{\"@context\":\"https:\\\/\\\/schema.org\",\"@graph\":[{\"@type\":\"WebPage\",\"@id\":\"https:\\\/\\\/www.paracelsus-magazin.ch\\\/de\\\/paracelsus-lehre\\\/the-magazine-paracelsus-health-healing-turns-15-years\\\/\",\"url\":\"https:\\\/\\\/www.paracelsus-magazin.ch\\\/de\\\/paracelsus-lehre\\\/the-magazine-paracelsus-health-healing-turns-15-years\\\/\",\"name\":\"Das Paracelsus Health & Healing Magazin wird 15 Jahre alt - Paracelsus Magazin\",\"isPartOf\":{\"@id\":\"https:\\\/\\\/www.paracelsus-magazin.ch\\\/de\\\/#website\"},\"datePublished\":\"2019-04-03T09:10:53+00:00\",\"dateModified\":\"2024-11-05T21:24:19+00:00\",\"breadcrumb\":{\"@id\":\"https:\\\/\\\/www.paracelsus-magazin.ch\\\/de\\\/paracelsus-lehre\\\/the-magazine-paracelsus-health-healing-turns-15-years\\\/#breadcrumb\"},\"inLanguage\":\"de\",\"potentialAction\":[{\"@type\":\"ReadAction\",\"target\":[\"https:\\\/\\\/www.paracelsus-magazin.ch\\\/de\\\/paracelsus-lehre\\\/the-magazine-paracelsus-health-healing-turns-15-years\\\/\"]}]},{\"@type\":\"BreadcrumbList\",\"@id\":\"https:\\\/\\\/www.paracelsus-magazin.ch\\\/de\\\/paracelsus-lehre\\\/the-magazine-paracelsus-health-healing-turns-15-years\\\/#breadcrumb\",\"itemListElement\":[{\"@type\":\"ListItem\",\"position\":1,\"name\":\"Startseite\",\"item\":\"https:\\\/\\\/www.paracelsus-magazin.ch\\\/de\\\/\"},{\"@type\":\"ListItem\",\"position\":2,\"name\":\"Paracelsus &#038; Lehre\",\"item\":\"https:\\\/\\\/www.paracelsus-magazin.ch\\\/de\\\/paracelsus-lehre\\\/\"},{\"@type\":\"ListItem\",\"position\":3,\"name\":\"Das Paracelsus Health &#038; Healing Magazin wird 15 Jahre alt\"}]},{\"@type\":\"WebSite\",\"@id\":\"https:\\\/\\\/www.paracelsus-magazin.ch\\\/de\\\/#website\",\"url\":\"https:\\\/\\\/www.paracelsus-magazin.ch\\\/de\\\/\",\"name\":\"Paracelsus Magazin\",\"description\":\"Health &amp; Healing Magazin\",\"publisher\":{\"@id\":\"https:\\\/\\\/www.paracelsus-magazin.ch\\\/de\\\/#organization\"},\"potentialAction\":[{\"@type\":\"SearchAction\",\"target\":{\"@type\":\"EntryPoint\",\"urlTemplate\":\"https:\\\/\\\/www.paracelsus-magazin.ch\\\/de\\\/?s={search_term_string}\"},\"query-input\":{\"@type\":\"PropertyValueSpecification\",\"valueRequired\":true,\"valueName\":\"search_term_string\"}}],\"inLanguage\":\"de\"},{\"@type\":\"Organization\",\"@id\":\"https:\\\/\\\/www.paracelsus-magazin.ch\\\/de\\\/#organization\",\"name\":\"Paracelsus Magazin\",\"url\":\"https:\\\/\\\/www.paracelsus-magazin.ch\\\/de\\\/\",\"logo\":{\"@type\":\"ImageObject\",\"inLanguage\":\"de\",\"@id\":\"https:\\\/\\\/www.paracelsus-magazin.ch\\\/de\\\/#\\\/schema\\\/logo\\\/image\\\/\",\"url\":\"https:\\\/\\\/www.paracelsus-magazin.ch\\\/wp-content\\\/uploads\\\/2023\\\/08\\\/logo-paracelsus-magazin-sqaure.jpg\",\"contentUrl\":\"https:\\\/\\\/www.paracelsus-magazin.ch\\\/wp-content\\\/uploads\\\/2023\\\/08\\\/logo-paracelsus-magazin-sqaure.jpg\",\"width\":696,\"height\":696,\"caption\":\"Paracelsus Magazin\"},\"image\":{\"@id\":\"https:\\\/\\\/www.paracelsus-magazin.ch\\\/de\\\/#\\\/schema\\\/logo\\\/image\\\/\"},\"sameAs\":[\"https:\\\/\\\/www.facebook.com\\\/Paracelsus-Magazin-436487499874780\\\/\"]}]}<\/script>\n<!-- \/ Yoast SEO plugin. -->","yoast_head_json":{"title":"Das Paracelsus Health & Healing Magazin wird 15 Jahre alt - Paracelsus Magazin","robots":{"index":"index","follow":"follow","max-snippet":"max-snippet:-1","max-image-preview":"max-image-preview:large","max-video-preview":"max-video-preview:-1"},"canonical":"https:\/\/www.paracelsus-magazin.ch\/de\/paracelsus-lehre\/the-magazine-paracelsus-health-healing-turns-15-years\/","og_locale":"de_DE","og_type":"article","og_title":"Das Paracelsus Health & Healing Magazin wird 15 Jahre alt - Paracelsus Magazin","og_description":"Das Paracelsus Health &amp; Healing Magazin wird 15 Jahre alt. Die Zeitschrift Health &amp; Healing ist eine Dienstaktivit\u00e4t, die bestrebt ist, \u00c4rzten, Heilern, Personen im Gesundheitsbereich, Kranken sowie ganz allgemein jenen zu helfen, die an Gesundheit interessiert sind. Das Werk ist der Gesundheit der Menschheit gewidmet. Wir schreiben das Jahr 2003. Einige Mitglieder des WTT-Global hatten eine Vision. Sie wollten im Sinne des gro\u00dfen Mediziners und Heilers PARACELSUS eine Zeitschrift herausgeben, die sowohl altes wie neues Heilwissen in sich vereint. Als Inspiration dienten die vier B\u00e4nde \u201eParacelsus \u2013 S\u00e4mtliche Werke\u201c. Bereits im Jahre 1999 wurde der Grundstein dieser Vision gelegt, als w\u00e4hrend eines Seminars\u00a0Dr. K. Parvathi Kumar und die Teilnehmer das Geburtshaus von Paracelsus in der Gemeinde Egg &#8211; unweit des bekannten Wallfahrtsortes Einsiedeln in der Schweiz &#8211; besuchten. Dort gab es einen Raum, der f\u00fcr Besucher zug\u00e4nglich war. Diese R\u00e4umlichkeit &#8211; eine kleine Wohnung mit K\u00fcche und Bad &#8211; wurde frei und von uns angemietet. So entstand das heutige \u00bbParacelsus-Center\u00ab. Ein Meditationsraum wurde eingerichtet, in dem bis heute regelm\u00e4\u00dfig Rituale zu entsprechenden Feierlichkeiten durchgef\u00fchrt werden. Dr. Kumar erkl\u00e4rte w\u00e4hrend eines weiteren Seminars in Einsiedeln den Teilnehmern das Projekt \u201cParacelsus Health &amp; Healing Magazin\u201c und bat um ihre Mitarbeit, sofern [&hellip;]","og_url":"https:\/\/www.paracelsus-magazin.ch\/de\/paracelsus-lehre\/the-magazine-paracelsus-health-healing-turns-15-years\/","og_site_name":"Paracelsus Magazin","article_publisher":"https:\/\/www.facebook.com\/Paracelsus-Magazin-436487499874780\/","article_modified_time":"2024-11-05T21:24:19+00:00","og_image":[{"width":1200,"height":696,"url":"https:\/\/www.paracelsus-magazin.ch\/wp-content\/uploads\/2023\/08\/hauptbild-paracelsus-magazin.jpg","type":"image\/jpeg"}],"twitter_card":"summary_large_image","twitter_misc":{"Gesch\u00e4tzte Lesezeit":"4\u00a0Minuten"},"schema":{"@context":"https:\/\/schema.org","@graph":[{"@type":"WebPage","@id":"https:\/\/www.paracelsus-magazin.ch\/de\/paracelsus-lehre\/the-magazine-paracelsus-health-healing-turns-15-years\/","url":"https:\/\/www.paracelsus-magazin.ch\/de\/paracelsus-lehre\/the-magazine-paracelsus-health-healing-turns-15-years\/","name":"Das Paracelsus Health & Healing Magazin wird 15 Jahre alt - Paracelsus Magazin","isPartOf":{"@id":"https:\/\/www.paracelsus-magazin.ch\/de\/#website"},"datePublished":"2019-04-03T09:10:53+00:00","dateModified":"2024-11-05T21:24:19+00:00","breadcrumb":{"@id":"https:\/\/www.paracelsus-magazin.ch\/de\/paracelsus-lehre\/the-magazine-paracelsus-health-healing-turns-15-years\/#breadcrumb"},"inLanguage":"de","potentialAction":[{"@type":"ReadAction","target":["https:\/\/www.paracelsus-magazin.ch\/de\/paracelsus-lehre\/the-magazine-paracelsus-health-healing-turns-15-years\/"]}]},{"@type":"BreadcrumbList","@id":"https:\/\/www.paracelsus-magazin.ch\/de\/paracelsus-lehre\/the-magazine-paracelsus-health-healing-turns-15-years\/#breadcrumb","itemListElement":[{"@type":"ListItem","position":1,"name":"Startseite","item":"https:\/\/www.paracelsus-magazin.ch\/de\/"},{"@type":"ListItem","position":2,"name":"Paracelsus &#038; Lehre","item":"https:\/\/www.paracelsus-magazin.ch\/de\/paracelsus-lehre\/"},{"@type":"ListItem","position":3,"name":"Das Paracelsus Health &#038; Healing Magazin wird 15 Jahre alt"}]},{"@type":"WebSite","@id":"https:\/\/www.paracelsus-magazin.ch\/de\/#website","url":"https:\/\/www.paracelsus-magazin.ch\/de\/","name":"Paracelsus Magazin","description":"Health &amp; Healing Magazin","publisher":{"@id":"https:\/\/www.paracelsus-magazin.ch\/de\/#organization"},"potentialAction":[{"@type":"SearchAction","target":{"@type":"EntryPoint","urlTemplate":"https:\/\/www.paracelsus-magazin.ch\/de\/?s={search_term_string}"},"query-input":{"@type":"PropertyValueSpecification","valueRequired":true,"valueName":"search_term_string"}}],"inLanguage":"de"},{"@type":"Organization","@id":"https:\/\/www.paracelsus-magazin.ch\/de\/#organization","name":"Paracelsus Magazin","url":"https:\/\/www.paracelsus-magazin.ch\/de\/","logo":{"@type":"ImageObject","inLanguage":"de","@id":"https:\/\/www.paracelsus-magazin.ch\/de\/#\/schema\/logo\/image\/","url":"https:\/\/www.paracelsus-magazin.ch\/wp-content\/uploads\/2023\/08\/logo-paracelsus-magazin-sqaure.jpg","contentUrl":"https:\/\/www.paracelsus-magazin.ch\/wp-content\/uploads\/2023\/08\/logo-paracelsus-magazin-sqaure.jpg","width":696,"height":696,"caption":"Paracelsus Magazin"},"image":{"@id":"https:\/\/www.paracelsus-magazin.ch\/de\/#\/schema\/logo\/image\/"},"sameAs":["https:\/\/www.facebook.com\/Paracelsus-Magazin-436487499874780\/"]}]}},"_links":{"self":[{"href":"https:\/\/www.paracelsus-magazin.ch\/de\/wp-json\/wp\/v2\/pages\/18389","targetHints":{"allow":["GET"]}}],"collection":[{"href":"https:\/\/www.paracelsus-magazin.ch\/de\/wp-json\/wp\/v2\/pages"}],"about":[{"href":"https:\/\/www.paracelsus-magazin.ch\/de\/wp-json\/wp\/v2\/types\/page"}],"author":[{"embeddable":true,"href":"https:\/\/www.paracelsus-magazin.ch\/de\/wp-json\/wp\/v2\/users\/1"}],"replies":[{"embeddable":true,"href":"https:\/\/www.paracelsus-magazin.ch\/de\/wp-json\/wp\/v2\/comments?post=18389"}],"version-history":[{"count":0,"href":"https:\/\/www.paracelsus-magazin.ch\/de\/wp-json\/wp\/v2\/pages\/18389\/revisions"}],"up":[{"embeddable":true,"href":"https:\/\/www.paracelsus-magazin.ch\/de\/wp-json\/wp\/v2\/pages\/57"}],"wp:attachment":[{"href":"https:\/\/www.paracelsus-magazin.ch\/de\/wp-json\/wp\/v2\/media?parent=18389"}],"curies":[{"name":"wp","href":"https:\/\/api.w.org\/{rel}","templated":true}]}}